{"id":2156,"date":"2022-12-31T13:47:43","date_gmt":"2022-12-31T13:47:43","guid":{"rendered":"http:\/\/www.tumakuder.org\/?page_id=2156"},"modified":"2022-12-31T13:47:43","modified_gmt":"2022-12-31T13:47:43","slug":"duyur","status":"publish","type":"page","link":"https:\/\/www.tumakuder.org\/index.php\/duyur\/","title":{"rendered":"duyur"},"content":{"rendered":"<table style=\"height: 108px;\" width=\"387\">\n<tbody>\n<tr>\n<td width=\"137\"><a href=\"http:\/\/www.tumakuder.org\/wp-content\/uploads\/2022\/12\/2023-GekapBedelleri-.pdf\">2023-GekapBedelleri-<\/a><\/td>\n<\/tr>\n<tr>\n<td><a href=\"http:\/\/www.tumakuder.org\/index.php\/2022\/12\/31\/2023-cevre-uyum-onay-basvurulari\/\">2023 \u00c7UB Ba\u015fvurular\u0131<\/a><\/td>\n<\/tr>\n<\/tbody>\n<\/table>\n","protected":false},"excerpt":{"rendered":"<p>2023-GekapBedelleri- 2023 \u00c7UB Ba\u015fvurular\u0131<\/p>\n","protected":false},"author":1,"featured_media":0,"parent":0,"menu_order":0,"comment_status":"closed","ping_status":"closed","template":"","meta":[],"_links":{"self":[{"href":"https:\/\/www.tumakuder.org\/index.php\/wp-json\/wp\/v2\/pages\/2156"}],"collection":[{"href":"https:\/\/www.tumakuder.org\/index.php\/wp-json\/wp\/v2\/pages"}],"about":[{"href":"https:\/\/www.tumakuder.org\/index.php\/wp-json\/wp\/v2\/types\/page"}],"author":[{"embeddable":true,"href":"https:\/\/www.tumakuder.org\/index.php\/wp-json\/wp\/v2\/users\/1"}],"replies":[{"embeddable":true,"href":"https:\/\/www.tumakuder.org\/index.php\/wp-json\/wp\/v2\/comments?post=2156"}],"version-history":[{"count":1,"href":"https:\/\/www.tumakuder.org\/index.php\/wp-json\/wp\/v2\/pages\/2156\/revisions"}],"predecessor-version":[{"id":2157,"href":"https:\/\/www.tumakuder.org\/index.php\/wp-json\/wp\/v2\/pages\/2156\/revisions\/2157"}],"wp:attachment":[{"href":"https:\/\/www.tumakuder.org\/index.php\/wp-json\/wp\/v2\/media?parent=2156"}],"curies":[{"name":"wp","href":"https:\/\/api.w.org\/{rel}","templated":true}]}}