{"id":1773,"date":"2021-08-11T10:53:05","date_gmt":"2021-08-11T10:53:05","guid":{"rendered":"http:\/\/www.tumakuder.org\/?page_id=1773"},"modified":"2023-01-03T20:24:15","modified_gmt":"2023-01-03T20:24:15","slug":"ornek-etiket","status":"publish","type":"page","link":"https:\/\/www.tumakuder.org\/index.php\/ornek-etiket\/","title":{"rendered":"\u00d6RNEK ET\u0130KET"},"content":{"rendered":"<div id=\"pl-1773\"  class=\"panel-layout\" ><div id=\"pg-1773-0\"  class=\"panel-grid panel-no-style\" ><div id=\"pgc-1773-0-0\"  class=\"panel-grid-cell\" ><div id=\"panel-1773-0-0-0\" class=\"so-panel widget widget_orion_upload_w panel-first-child\" data-index=\"0\" ><div class=\"orion default panel-widget-style panel-widget-style-for-1773-0-0-0\" ><div\n\t\t\t\n\t\t\tclass=\"so-widget-orion_upload_w so-widget-orion_upload_w-base\"\n\t\t\t\n\t\t><div class=\"row button-wrap\">\r\n\t\r\n\t\r\n\t\t\t\t<div class=\"col-md-12\">\t\t\r\n\t\t\t<a class=\"btn-download icon-right btn btn-flat\" href=\"https:\/\/www.tumakuder.org\/wp-content\/uploads\/2023\/01\/Etiket-Ornek-1.pdf\" download=\"Etiket-Ornek-1.pdf\">\r\n\t\t\t\t\t\u00d6rnek Etiket G\u00f6rseli \u0130ndir\t\t\t\t\t\t\t\t\t\t\t<span class=\"sow-icon-fontawesome sow-far\" data-sow-icon=\"&#xf358;\"\n\t\t \n\t\taria-hidden=\"true\"><\/span>\t\r\n\t\t\t\t\t\t\t\t\t\t<span class=\"orionicon orionicon-icon_check btn-visited\"><\/span>\r\n\t\t\t<\/a>\r\n\t\t<\/div>\r\n\t\r\n<\/div><\/div><\/div><\/div><div id=\"panel-1773-0-0-1\" class=\"so-panel widget widget_sow-image panel-last-child\" data-index=\"1\" ><div class=\"orion default panel-widget-style panel-widget-style-for-1773-0-0-1\" ><div\n\t\t\t\n\t\t\tclass=\"so-widget-sow-image so-widget-sow-image-default-c67d20f9f743-1773\"\n\t\t\t\n\t\t>\n\n<div class=\"sow-image-container\">\n\t\t<img src=\"https:\/\/www.tumakuder.org\/wp-content\/uploads\/2023\/01\/Etiket-Ornek.jpg\" width=\"1121\" height=\"611\" srcset=\"https:\/\/www.tumakuder.org\/wp-content\/uploads\/2023\/01\/Etiket-Ornek.jpg 1121w, https:\/\/www.tumakuder.org\/wp-content\/uploads\/2023\/01\/Etiket-Ornek-300x164.jpg 300w, https:\/\/www.tumakuder.org\/wp-content\/uploads\/2023\/01\/Etiket-Ornek-1024x558.jpg 1024w, https:\/\/www.tumakuder.org\/wp-content\/uploads\/2023\/01\/Etiket-Ornek-768x419.jpg 768w, https:\/\/www.tumakuder.org\/wp-content\/uploads\/2023\/01\/Etiket-Ornek-750x409.jpg 750w\" sizes=\"(max-width: 1121px) 100vw, 1121px\" title=\"\u00d6rnek Etiketi \u0130ndir\" alt=\"\" loading=\"lazy\" \t\tclass=\"so-widget-image\"\/>\n\t<\/div>\n\n<\/div><\/div><\/div><\/div><\/div><\/div>","protected":false},"excerpt":{"rendered":"<p>\u00d6rnek Etiket G\u00f6rseli \u0130ndir<\/p>\n","protected":false},"author":1,"featured_media":0,"parent":0,"menu_order":0,"comment_status":"closed","ping_status":"closed","template":"","meta":[],"_links":{"self":[{"href":"https:\/\/www.tumakuder.org\/index.php\/wp-json\/wp\/v2\/pages\/1773"}],"collection":[{"href":"https:\/\/www.tumakuder.org\/index.php\/wp-json\/wp\/v2\/pages"}],"about":[{"href":"https:\/\/www.tumakuder.org\/index.php\/wp-json\/wp\/v2\/types\/page"}],"author":[{"embeddable":true,"href":"https:\/\/www.tumakuder.org\/index.php\/wp-json\/wp\/v2\/users\/1"}],"replies":[{"embeddable":true,"href":"https:\/\/www.tumakuder.org\/index.php\/wp-json\/wp\/v2\/comments?post=1773"}],"version-history":[{"count":27,"href":"https:\/\/www.tumakuder.org\/index.php\/wp-json\/wp\/v2\/pages\/1773\/revisions"}],"predecessor-version":[{"id":2272,"href":"https:\/\/www.tumakuder.org\/index.php\/wp-json\/wp\/v2\/pages\/1773\/revisions\/2272"}],"wp:attachment":[{"href":"https:\/\/www.tumakuder.org\/index.php\/wp-json\/wp\/v2\/media?parent=1773"}],"curies":[{"name":"wp","href":"https:\/\/api.w.org\/{rel}","templated":true}]}}