{"id":152,"date":"2016-12-14T13:10:36","date_gmt":"2016-12-14T13:10:36","guid":{"rendered":"http:\/\/recycle.orionthemes.com\/demo-1\/?page_id=152"},"modified":"2023-01-06T05:30:45","modified_gmt":"2023-01-06T05:30:45","slug":"atik-akumulator-depozito-uygulamasi-sistemi","status":"publish","type":"page","link":"https:\/\/www.tumakuder.org\/index.php\/atik-akumulator-depozito-uygulamasi-sistemi\/","title":{"rendered":"ATIK AK\u00dcM\u00dcLAT\u00d6R DEPOZ\u0130TO UYGULAMASI S\u0130STEM\u0130"},"content":{"rendered":"<div id=\"pl-152\"  class=\"panel-layout\" ><div id=\"pg-152-0\"  class=\"panel-grid panel-has-style\" ><div class=\"tablet-default mobile-1-in-row desktop-default panel-row-style panel-row-style-for-152-0\" ><div id=\"pgc-152-0-0\"  class=\"panel-grid-cell\" ><div id=\"panel-152-0-0-0\" class=\"so-panel widget widget_sow-editor panel-first-child panel-last-child\" data-index=\"0\" ><div class=\"orion default panel-widget-style panel-widget-style-for-152-0-0-0\" ><div\n\t\t\t\n\t\t\tclass=\"so-widget-sow-editor so-widget-sow-editor-base\"\n\t\t\t\n\t\t><h2 class=\"h5 widget-title\">At\u0131k Ak\u00fcm\u00fclat\u00f6r Depozito Uygulamas\u0131 Sistemi<\/h2>\n<div class=\"siteorigin-widget-tinymce textwidget\">\n\t<p><strong>Ak\u00fcm\u00fclat\u00f6r Depozito Sistemi Uygulamalar\u0131<\/strong><\/p>\n<p><strong>Mevzuat:<br \/>\n<\/strong>\u00c7evre Kanunu \u201cEK Madde 11\u201d,<br \/>\n<strong><span style=\"color: #ff0000;\">Depozito Sistemi Uygulamalar\u0131na \u0130li\u015fkin Usul ve Esaslar (29Haziran2020 - T.C. \u00c7evre, \u015eehircilik <em>ve \u0130klim De\u011fi\u015fikli\u011fi<\/em> Bakanl\u0131\u011f\u0131)<\/span><\/strong><\/p>\n<p><strong><span style=\"color: #ff0000;\">01.01.2023 Y\u00fcr\u00fcrl\u00fck-Depozito Sistemi Uygulamalar\u0131na \u0130li\u015fkin Usul ve Esaslar De\u011fi\u015fiklik<\/span><\/strong><\/p>\n<p><strong><span style=\"color: #ff0000;\">Depozito Bedellerine KDV eklenmesi-Gelir \u0130daresi Ba\u015fkanl\u0131\u011f\u0131<\/span><\/strong><\/p>\n<p>&nbsp;<\/p>\n<p>&nbsp;<\/p>\n<p><strong>Tan\u0131mlar;<\/strong><\/p>\n<p><strong>Piyasaya S\u00fcren:<\/strong> Ak\u00fcm\u00fclat\u00f6r \u00fcreten, (<em>imal eden, \u00fcr\u00fcne ad\u0131n\u0131, ticaret markas\u0131 veya ay\u0131rt edici i\u015faretini koymak suretiyle kendini \u00fcretici olarak tan\u0131tan<\/em>) ger\u00e7ek ve t\u00fczel ki\u015fiyi, \u00fcreticinin T\u00fcrkiye d\u0131\u015f\u0131nda olmas\u0131 halinde ithalat\u00e7\u0131y\u0131; ayr\u0131ca \u00fcr\u00fcn\u00fcn tedarik zincirinde yer alan, faaliyetleri \u00fcr\u00fcn\u00fcn g\u00fcvenli\u011fine ili\u015fkin \u00f6zelliklerini etkileyen ger\u00e7ek ve t\u00fczel ki\u015fiyi,<strong>\u00a0\u00a0 <\/strong><\/p>\n<p><strong>Sat\u0131\u015f Noktas\u0131: <\/strong>Ak\u00fcm\u00fclat\u00f6r \u00fcr\u00fcnlerinin da\u011f\u0131t\u0131m\u0131n\u0131 ve sat\u0131\u015f\u0131n\u0131 yapan i\u015fletmeler, bayiler ve ara\u00e7 bak\u0131m ve ara\u00e7 onar\u0131m yerlerini,<\/p>\n<p><strong>Bayi:<\/strong> Piyasaya s\u00fcrenlere ait ak\u00fcm\u00fclat\u00f6rleri piyasaya surenler ad\u0131na sat\u0131\u015f noktalar\u0131 da dahil t\u00fcketicilere\/kullan\u0131c\u0131lara da\u011f\u0131t\u0131r\u0131m ve\/veya tedarik edilmesini sa\u011flayan ger\u00e7ek\/t\u00fczel ki\u015fileri,<\/p>\n<p><strong>Bilgi sistemi:<\/strong> Bu Usul ve Esaslar kapsam\u0131ndaki depozito uygulamalar\u0131na ili\u015fkin bildirimlerin ger\u00e7ekle\u015ftirilece\u011fi ve depozito uygulama planlar\u0131n\u0131n sunulaca\u011f\u0131 ve Bakanl\u0131k\u00e7a depozito uygulamalar\u0131na y\u00f6nelik haz\u0131rlanacak di\u011fer bilgi sistemlerini,<\/p>\n<p><strong>Depozito bedeli:<\/strong> \u00dcr\u00fcn bedelinden ayr\u0131 olarak ak\u00fcm\u00fclat\u00f6re y\u00f6nelik belirlenmi\u015f iade\/teslim bedelini.<\/p>\n<p><strong>Depozito uygulama plan\u0131:<\/strong> Depozito sisteminin i\u015fleyi\u015fine y\u00f6nelik idari, mali, teknik hususlar ile izleme ve kontrol \u00e7al\u0131\u015fmalar\u0131n\u0131 i\u00e7erecek \u015fekilde haz\u0131rlanan uygulama plan\u0131n\u0131,<\/p>\n<p><strong>Depozito y\u00f6netim sistemi:<\/strong> Bakanl\u0131k\u00e7a belirlenen ve belirli bir depozito bedeli al\u0131narak piyasaya s\u00fcr\u00fclen \u00fcr\u00fcnlerin t\u00fcketimleri\/kullan\u0131mlar\u0131 sonras\u0131nda iade al\u0131nmas\u0131 ve depozito bedelinin geri \u00f6denmesine dayal\u0131 sistemi,<\/p>\n<p><strong>Teminat Bedeli:<\/strong> Depozito Uygulama Plan\u0131 kapsam\u0131nda kurulan sistemin s\u00fcreklili\u011fini sa\u011flama maliyetine e\u015fde\u011fer kar\u015f\u0131l\u0131ktaki mali kayna\u011f\u0131,<\/p>\n<p>ifade eder.<\/p>\n<p><strong>Piyasaya s\u00fcrenlerin y\u00fck\u00fcml\u00fcl\u00fckleri (\u00dcretici ve ithalat\u00e7\u0131lar)<\/strong><\/p>\n<p>Ak\u00fcm\u00fclat\u00f6rleri piyasaya s\u00fcrenlerin, bu Usul ve Esaslar\u0131n gerekliliklerini sa\u011flayacak \u015fekilde depozito sistemlerini kurmalar\u0131 gerekmektedir.<\/p>\n<p>Depozito uygulama planlar\u0131 (Kanunun ek-1 say\u0131l\u0131 listesinde yer alan ak\u00fcm\u00fclat\u00f6r kategorileri i\u00e7in ayr\u0131 ayr\u0131 olacak \u015fekilde) haz\u0131rlanmal\u0131, Depozito sisteminin \u00f6ng\u00f6r\u00fclen mali boyutu ve bu do\u011frultuda belirlenen teminat depozito uygulama plan\u0131nda g\u00f6sterilmeli ve Entegre \u00c7evre Bilgi Sistemi (E\u00c7BS) sistemi \u00fczerinden Bakanl\u0131\u011fa sunularak onay al\u0131nmal\u0131 ve bu sistem \u00e7er\u00e7evesinde depozito uygulamalar\u0131 ve bildirimleri ger\u00e7ekle\u015ftirilmelidir.\u00a0 Bu bildirimlere esas belgeler 10 y\u0131l s\u00fcre ile saklanmal\u0131d\u0131r.<\/p>\n<p>Depozitolu olarak piyasaya s\u00fcr\u00fclen ak\u00fcm\u00fclat\u00f6rlerin geri al\u0131nmas\u0131na y\u00f6nelik kabul kriterleri de d\u00e2hil t\u00fcm s\u00fcre\u00e7 depozito uygulama plan\u0131nda g\u00f6sterilmeli ve bu kriterler hakk\u0131nda ilgili taraflar bilgilendirilmelidir.<\/p>\n<p>Depozito sistemine tabi tutulan Ak\u00fcm\u00fclat\u00f6rlerin \u00fczerinde veya etiketlerinde a\u00e7\u0131k\u00e7a g\u00f6r\u00fcn\u00fcr, okunakl\u0131 ve kolay silinmeyen\/bozulmayan \u201cDepozitoludur\u201d ibaresi bulundurmal\u0131d\u0131r (At\u0131k Pil ve Ak\u00fcm\u00fclat\u00f6rleri Kontrolu Y\u00f6netmeli\u011finde belirlenen etiketleme ve i\u015faretlemeye ili\u015fkin kurallara uyulmal\u0131d\u0131r. Ekte verilmi\u015ftir.)<\/p>\n<p>Depozito Bedelleri her y\u0131l ba\u015f\u0131nda T.C. \u00c7evre, \u015eehircilik ve \u0130klim De\u011fi\u015fikli\u011fi Bakanl\u0131\u011f\u0131 taraf\u0131ndan belirlenir.<\/p>\n<p>Depozito uygulamalar\u0131 kapsam\u0131nda tahsil edilen ve geri \u00f6demesi yap\u0131lan depozito bedellerine ili\u015fkin mali kay\u0131tlar\u0131n tutulmas\u0131 zorunludur.<\/p>\n<p>Piyasaya s\u00fcrenlere iade edilmeyen depozitolu ak\u00fcm\u00fclat\u00f6rlere ait depozito bedellerinden kar niteli\u011findeki gelirin y\u00f6netiminin \u00e7evre mevzuat\u0131 h\u00fck\u00fcmleri kapsam\u0131nda ger\u00e7ekle\u015ftirilmesi esast\u0131r. Bu depozito bedelleri ve bu bedellerin kullan\u0131m\u0131na ili\u015fkin hususlar\u0131n kay\u0131tlar\u0131 tutulur ve Bakanl\u0131k\u00e7a talep edilmesi halinde ayr\u0131ca raporlan\u0131r.<\/p>\n<p>Faturalar\u0131n alt\u0131nda \u201cDepozitoludur\u201d ibaresi yer almal\u0131d\u0131r.<\/p>\n<p>\u0130ade al\u0131nan at\u0131k ak\u00fcm\u00fclat\u00f6rler i\u00e7in geri al\u0131m belgeleri haz\u0131rlan\u0131r.<\/p>\n<p>Depozitolu ak\u00fcm\u00fclat\u00f6rlerden kendisine iade edilenler i\u00e7in, tahsil etti\u011fi depozito bedeli ak\u00fcm\u00fclat\u00f6r\u00fc iade edene \u00f6denir.<\/p>\n<p>T\u00fcketicilere\/kullan\u0131c\u0131lara yap\u0131lan sat\u0131\u015flarda ak\u00fcm\u00fclat\u00f6r\u00fcn depozito bedeli sat\u0131\u015f belgelerinde g\u00f6sterilmek sureti ile t\u00fcketicilere\/kullan\u0131c\u0131lara yans\u0131t\u0131l\u0131r.<\/p>\n<p>Piyasaya arz edilecek ara\u00e7lar ile elektrikli ve elektronik e\u015fyalar\u0131n orijinal e\u015fya\/par\u00e7as\u0131 olarak kullan\u0131lan ak\u00fcm\u00fclat\u00f6rler i\u00e7in (piyasaya s\u00fcrenler taraf\u0131ndan GEKAP beyan\u0131 yap\u0131l\u0131r,) depozito bedeli tahsil edilmez.<\/p>\n<p>GEKAP Y\u00f6netmeli\u011fi h\u00fck\u00fcmlerine g\u00f6re, \u0130thalat\u0131 ger\u00e7ekle\u015ftirilen ak\u00fcm\u00fclat\u00f6rler GEKAP\u2019 a tabi tutulmaktad\u0131r. \u0130thalat\u0131 ger\u00e7ekle\u015ftirilen ak\u00fcm\u00fclat\u00f6rlerden, bir e\u015fya ile birlikte veya do\u011frudan ihra\u00e7 edilen ak\u00fcm\u00fclat\u00f6rlerin toplamaya esas miktardan d\u00fc\u015f\u00fclebilmesi ve i\u00e7in GEKAP ve Depozito Uygulamas\u0131\u2019 n\u0131n yeniden de\u011ferlendirilmesi-mahsupla\u015fma ve iade \u00a0\u00a0i\u00e7in ihracat belgeleri bir yaz\u0131 ekinde Bakanl\u0131\u011fa sunulmal\u0131d\u0131r.<\/p>\n<p>T\u00fcketicilerce\/kullan\u0131c\u0131larca iade edilen depozitolu ak\u00fcm\u00fclat\u00f6rlerin ayn\u0131 mahiyette yeni bir depozitolu ak\u00fcm\u00fclat\u00f6r ile takas edilmek istenmesi durumunda s\u00f6z konusu s\u00fcre\u00e7 depozito \u00fccretinin iade edilmesi ile ayn\u0131 kabul edilir. Piyasaya s\u00fcren i\u015fletmelerin bu Usul ve Esaslara at\u0131fla yap\u0131lan s\u00f6zle\u015fme ile yetkilendirmi\u015f oldu\u011fu bayileri \u00fczerinden yap\u0131lan ve depozitolu ak\u00fcm\u00fclat\u00f6rlerin geri verilmesinin \u00a0\u00a0\u00a0sabit ve s\u00fcrekli oldu\u011fu toptan sat\u0131\u015f i\u015flemlerinde ve <strong>tamir bak\u0131m at\u00f6lyelerinde;<\/strong> at\u0131k ak\u00fcm\u00fclat\u00f6rlerin yerine ayn\u0131 cins ve mahiyette ak\u00fcm\u00fclat\u00f6r verilmesinde de ayn\u0131 h\u00fck\u00fcm ge\u00e7erlidir. Piyasaya s\u00fcren i\u015fletmelerin, bayileri ve\/veya tamir bak\u0131m at\u00f6lyeleri ile yapt\u0131klar\u0131 s\u00f6zle\u015fmeler ile y\u00f6nettikleri depozitolu ak\u00fcm\u00fclat\u00f6rler i\u00e7in bayilerin ve\/veya tamir bak\u0131m at\u00f6lyelerinin bu ak\u00fcm\u00fclat\u00f6rler i\u00e7in nihai t\u00fcketicilere sunumuna y\u00f6nelik olarak ayr\u0131ca bir d\u00fczenleme yapmalar\u0131na gerek yoktur.<\/p>\n<p>Gelir \u0130daresi Ba\u015fkanl\u0131\u011f\u0131 sistemi \u00fczerinden D\u00fczenli olarak 3 ayl\u0131k periyotlarla GEKAP Beyan\u0131 yap\u0131lmal\u0131d\u0131r.<\/p>\n<p>Her y\u0131l bir \u00f6nceki y\u0131l depozito uygulamalar\u0131na ili\u015fkin faaliyet ayn\u0131 y\u0131l\u0131n Haziran ay\u0131n\u0131n sonuna kadar Bakanl\u0131\u011fa sunulmal\u0131d\u0131r.<\/p>\n<p>Bakanl\u0131k\u00e7a talep edilmesi halinde; depozito faaliyetleri ba\u011f\u0131ms\u0131z denetim kurulu\u015flar\u0131na inceletilir ve rapor, talep tarihinden itibaren 3 ay i\u00e7erisinde Bakanl\u0131\u011fa sunulur.<\/p>\n<p><strong>Ak\u00fcm\u00fclat\u00f6r \u00fcr\u00fcnlerinin da\u011f\u0131t\u0131m\u0131n\u0131 ve sat\u0131\u015f\u0131n\u0131 yapan i\u015fletmeler, bayiler ve ara\u00e7 bak\u0131m ve onar\u0131m yerleri,<\/strong><\/p>\n<p>Piyasaya s\u00fcrenin belirledi\u011fi depozito sistemine kat\u0131l\u0131m sa\u011flamak ve depozito bedelini uygulamakla,<\/p>\n<p>Depozitolu olarak satm\u0131\u015f oldu\u011fu ak\u00fcm\u00fclat\u00f6rlerin kullan\u0131m\u0131 sonras\u0131nda iade al\u0131nmas\u0131na y\u00f6nelik piyasaya s\u00fcrenlerle koordineli bir \u015fekilde \u00e7al\u0131\u015fmakla,<\/p>\n<p>Depozito uygulamas\u0131na tabi olan ak\u00fcm\u00fclat\u00f6rlerin depozito bedellerini sat\u0131\u015f belgelerinde g\u00f6stermekle, iade al\u0131nan at\u0131k ak\u00fcm\u00fclat\u00f6rler i\u00e7in geri al\u0131m belgelerini haz\u0131rlamakla,<\/p>\n<p>\u0130ade al\u0131nan at\u0131k ak\u00fcm\u00fclat\u00f6rlerin biriktirilmesi ve depolanmas\u0131nda g\u00f6r\u00fcnt\u00fc, g\u00fcr\u00fclt\u00fc, koku, s\u0131z\u0131nt\u0131 gibi \u00e7evre kirlili\u011fine sebebiyet verebilecek unsurlar\u0131n olu\u015fmas\u0131n\u0131 engelleyecek gerekli \u00f6nlemleri almakla,<\/p>\n<p>y\u00fck\u00fcml\u00fcd\u00fcr.<\/p>\n<p>Depozitoya tabi ak\u00fcm\u00fclat\u00f6rlerin da\u011f\u0131t\u0131m ve sat\u0131\u015f\u0131n\u0131 yapan i\u015fletmeler ve ara\u00e7 bak\u0131m-onar\u0131m yerlerini i\u015fletenler, depozitolu ak\u00fcm\u00fclat\u00f6rlerin iade al\u0131nmas\u0131 y\u00fck\u00fcml\u00fcl\u00fc\u011f\u00fcn\u00fc, \u00fcretici taraf\u0131ndan olu\u015fturulacak sistem haricindeki ki\u015fi ve\/veya kurulu\u015flara devredemez.<\/p>\n<p>At\u0131k ak\u00fcm\u00fclat\u00f6r i\u015flemlerinin MOTAT sistemi \u00fczerinden ger\u00e7ekle\u015ftirilmesi ve i\u015flem esnas\u0131nda a\u00e7\u0131klama k\u0131sm\u0131na ithalat\u00e7\u0131\/\u00fcretici firman\u0131n isminin belirtilmesi zorunlulu\u011fu bulunmaktad\u0131r.<\/p>\n<p><strong>Ak\u00fcm\u00fclat\u00f6r \u00fcr\u00fcnlerinin Ge\u00e7ici Depolanmas\u0131 ve ta\u015f\u0131nmas\u0131<\/strong><\/p>\n<p>At\u0131k Ak\u00fcm\u00fclat\u00f6rler i\u00e7in Geri kazan\u0131m tesisleri ve Ak\u00fcm\u00fclat\u00f6r \u00fcr\u00fcnlerinin da\u011f\u0131t\u0131m\u0131n\u0131 ve sat\u0131\u015f\u0131n\u0131 yapan i\u015fletmeler ve ara\u00e7 bak\u0131m-onar\u0131m yerleri d\u0131\u015f\u0131ndaki At\u0131k Ak\u00fcm\u00fclat\u00f6r ge\u00e7ici depolama alanlar\u0131, Ak\u00fcm\u00fclat\u00f6r \u00fcreticileri veya Ak\u00fcm\u00fclat\u00f6r \u00fcreticilerinin yetkilendirece\u011fi ki\u015fi veya kurulu\u015flar taraf\u0131ndan kurulabilir.<\/p>\n<p>Bu alanlar i\u00e7in ilgili Valilikten ge\u00e7ici depolama izni al\u0131nmas\u0131 zorunludur. Ge\u00e7ici depolama alanlar\u0131nda At\u0131k Ak\u00fcm\u00fclat\u00f6rler 90 g\u00fcnden fazla tutulamaz. Bu alanlar Valiliklerin denetimi alt\u0131nda faaliyet g\u00f6sterirler.<\/p>\n<p>At\u0131k Ak\u00fcm\u00fclat\u00f6rlerin ge\u00e7ici depolanmas\u0131 ve ta\u015f\u0131nmas\u0131; Bakanl\u0131k \u00e7evrimi\u00e7i sistemi (MOTAT) kullan\u0131larak at\u0131k g\u00f6nderim i\u015flemleri ger\u00e7ekle\u015ftirilir. i\u015flem esnas\u0131nda a\u00e7\u0131klama k\u0131sm\u0131na ithalat\u00e7\u0131\/\u00fcretici firman\u0131n isminin belirtilmesi zorunlulu\u011fu bulunmaktad\u0131r.<\/p>\n<p>At\u0131k Ak\u00fcm\u00fclat\u00f6rlerin ta\u015f\u0131nmas\u0131 b\u00f6lge bayilerine kadar yap\u0131lacak ta\u015f\u0131malar hari\u00e7 olmak \u00fczere ilgili \u0130l M\u00fcd\u00fcrl\u00fc\u011f\u00fcnden ta\u015f\u0131ma lisans\u0131 alm\u0131\u015f ger\u00e7ek ve t\u00fczel ki\u015filerce yap\u0131l\u0131r.<\/p>\n<p>At\u0131k Ak\u00fcm\u00fclat\u00f6rlerin da\u011f\u0131t\u0131m\u0131n\u0131 yapan i\u015fletmelerden At\u0131k Ak\u00fcm\u00fclat\u00f6r ara depolama veya ge\u00e7ici faaliyet belgesi ya da \u00e7evre izin ve lisans\u0131 alm\u0131\u015f At\u0131k Ak\u00fcm\u00fclat\u00f6r i\u015fleme tesislerine lisanl\u0131 ara\u00e7lar ile ta\u015f\u0131nmas\u0131 ve ta\u015f\u0131ma esnas\u0131nda Bakanl\u0131k \u00e7evrimi\u00e7i sisteminin (MOTAT) kullan\u0131larak At\u0131k Ak\u00fcm\u00fclat\u00f6r g\u00f6nderim i\u015flemleri ger\u00e7ekle\u015ftirilir.<\/p>\n<p>Her ay d\u00fczenli olarak toplanan at\u0131k ak\u00fcm\u00fclat\u00f6rleri g\u00f6steren k\u00fctle denge raporu, S\u00f6zle\u015fmeli firmaya bildirilmelidir.<\/p>\n<p>\u0130ade al\u0131nan at\u0131k ak\u00fcm\u00fclat\u00f6rlerin depolanma esnas\u0131nda olumsuzluklara sebebiyet verecek unsurlara kar\u015f\u0131 tedbirler al\u0131nmal\u0131d\u0131r.<\/p>\n<p>At\u0131k Ak\u00fcm\u00fclat\u00f6rlerin bertaraf\u0131na kadar olan s\u00fcrecin \u201cAt\u0131klar\u0131n Karayolunda Ta\u015f\u0131nmas\u0131\" ile ilgili mevzuat h\u00fck\u00fcmlerine uyulmal\u0131d\u0131r.<\/p>\n<p><strong>Pil ve Ak\u00fcm\u00fclat\u00f6rlerin Etiketlenmesi ve \u0130\u015faretlenmesine \u0130li\u015fkin Kurallar<\/strong><\/p>\n<p><strong>1<\/strong>-<strong>7223 Say\u0131l\u0131 \u00dcr\u00fcn G\u00fcvenli\u011fi ve Teknik D\u00fczenlemeler Kanunu Madde 9-\u00c7 h\u00fck\u00fcmlerine g\u00f6re<\/strong><\/p>\n<p>\u00dcretici\/\u0130thalat\u00e7\u0131 firman\u0131n; \u0130smi, Kay\u0131tl\u0131 ticari Unvan\u0131 veya Markas\u0131 ve kendisine ula\u015f\u0131labilecek a\u00e7\u0131k Adresi<\/p>\n<p><strong>2<\/strong><strong>- <\/strong><strong>(Apak-At\u0131k Pil Ve Ak\u00fcm\u00fclat\u00f6rlerin Kontrol\u00fc Y\u00f6netmeli\u011fi) h\u00fck\u00fcmlerine g\u00f6re<\/strong><\/p>\n<p><strong>Madde 33<\/strong>- Pil ve ak\u00fcm\u00fclat\u00f6r \u00fcr\u00fcnlerinin etiketlenmesinde;<\/p>\n<ol>\n<li>At\u0131k ak\u00fcm\u00fclat\u00f6rlerin ayr\u0131 toplanmas\u0131n\u0131 sa\u011flayacak sembol olarak, bu Y\u00f6netmeli\u011fin 1 no. ekinde yer alan sembol\u00fcn \u00fcretici taraf\u0131ndan kullan\u0131lmas\u0131,<\/li>\n<\/ol>\n<p>EK\u20131 \u0130\u015eARETLEME SEMBOL\u00dc<br \/>\n<img decoding=\"async\" loading=\"lazy\" class=\"size-full wp-image-1770 alignnone\" src=\"http:\/\/www.tumakuder.org\/wp-content\/uploads\/2021\/08\/copkutusu.gif\" alt=\"\" width=\"57\" height=\"63\" \/><br \/>\nAt\u0131k pil ve ak\u00fcm\u00fclat\u00f6rlerin ayr\u0131 toplanmas\u0131n\u0131 sa\u011flayacak sembol olarak, a\u015fa\u011f\u0131daki tekerlekli konteyner \u015fekli kullan\u0131lacakt\u0131r.<\/p>\n<ol>\n<li>b) \u2026. bu \u00fcr\u00fcnlerin etiketlenmesinde \u201cdepozitoludur\u201d ibaresi ile Bakanl\u0131k taraf\u0131ndan firmaya verilen kod numaras\u0131n\u0131n yer almas\u0131,<\/li>\n<li>c) Kur\u015fun asit ak\u00fcm\u00fclat\u00f6rlerin \u00fczerinde \u201cPb\u201d ya da \u201ckur\u015fun\u201d ve \u201cGER\u0130 KAZANILIR\u201d ifadesi yada \u201cGER\u0130 KAZANILACAK AK\u00dc\u201d ibaresinin bulunmas\u0131, ayr\u0131ca bu \u00fcr\u00fcnlerin d\u0131\u015f ambalajlar\u0131nda da ayn\u0131 ibarelerin bulundurulmas\u0131,<\/li>\n<\/ol>\n<p>T\u00fcketicinin Bilgilendirilmesi<\/p>\n<p>Madde 34- \u2026ak\u00fcm\u00fclat\u00f6r \u00fcr\u00fcnlerin etiketlerinde ise (EK- 4\/B) de yer alan uyar\u0131 ve bilgileri t\u00fcketicilerin ve kullan\u0131c\u0131lar\u0131n g\u00f6rebilece\u011fi ve okuyabilece\u011fi \u015fekilde bulundurmak zorundad\u0131r.<\/p>\n<p>EK\u20134 B<\/p>\n<ul>\n<li>At\u0131k ak\u00fcm\u00fclat\u00f6r\u00fcn\u00fcz\u00fcn i\u00e7indeki asitli s\u0131v\u0131y\u0131 topra\u011fa, suya, kanalizasyona d\u00f6kmeyiniz.<\/li>\n<li>At\u0131k ak\u00fcm\u00fclat\u00f6r\u00fcn\u00fcz\u00fcn plastik k\u0131s\u0131mlar\u0131n\u0131 soba ve kazanlarda yakmay\u0131n\u0131z.<\/li>\n<li>At\u0131k ak\u00fcm\u00fclat\u00f6rleri \u00e7ocuklardan uzak tutunuz.<\/li>\n<\/ul>\n<\/div>\n<\/div><\/div><\/div><\/div><\/div><\/div><\/div>","protected":false},"excerpt":{"rendered":"<p>Ak\u00fcm\u00fclat\u00f6r Depozito Sistemi Uygulamalar\u0131 Mevzuat: \u00c7evre Kanunu \u201cEK Madde 11\u201d, Depozito Sistemi Uygulamalar\u0131na \u0130li\u015fkin Usul ve Esaslar (29Haziran2020 &#8211; T.C. \u00c7evre, \u015eehircilik ve \u0130klim De\u011fi\u015fikli\u011fi Bakanl\u0131\u011f\u0131) 01.01.2023 Y\u00fcr\u00fcrl\u00fck-Depozito Sistemi Uygulamalar\u0131na \u0130li\u015fkin Usul ve Esaslar De\u011fi\u015fiklik Depozito Bedellerine KDV eklenmesi-Gelir \u0130daresi Ba\u015fkanl\u0131\u011f\u0131 &nbsp; &nbsp; Tan\u0131mlar; Piyasaya S\u00fcren: Ak\u00fcm\u00fclat\u00f6r \u00fcreten, (imal eden, \u00fcr\u00fcne ad\u0131n\u0131, ticaret markas\u0131 veya<\/p>\n","protected":false},"author":1,"featured_media":1361,"parent":0,"menu_order":0,"comment_status":"closed","ping_status":"closed","template":"","meta":[],"_links":{"self":[{"href":"https:\/\/www.tumakuder.org\/index.php\/wp-json\/wp\/v2\/pages\/152"}],"collection":[{"href":"https:\/\/www.tumakuder.org\/index.php\/wp-json\/wp\/v2\/pages"}],"about":[{"href":"https:\/\/www.tumakuder.org\/index.php\/wp-json\/wp\/v2\/types\/page"}],"author":[{"embeddable":true,"href":"https:\/\/www.tumakuder.org\/index.php\/wp-json\/wp\/v2\/users\/1"}],"replies":[{"embeddable":true,"href":"https:\/\/www.tumakuder.org\/index.php\/wp-json\/wp\/v2\/comments?post=152"}],"version-history":[{"count":28,"href":"https:\/\/www.tumakuder.org\/index.php\/wp-json\/wp\/v2\/pages\/152\/revisions"}],"predecessor-version":[{"id":2340,"href":"https:\/\/www.tumakuder.org\/index.php\/wp-json\/wp\/v2\/pages\/152\/revisions\/2340"}],"wp:featuredmedia":[{"embeddable":true,"href":"https:\/\/www.tumakuder.org\/index.php\/wp-json\/wp\/v2\/media\/1361"}],"wp:attachment":[{"href":"https:\/\/www.tumakuder.org\/index.php\/wp-json\/wp\/v2\/media?parent=152"}],"curies":[{"name":"wp","href":"https:\/\/api.w.org\/{rel}","templated":true}]}}