{"id":2020,"date":"2021-08-11T15:51:00","date_gmt":"2021-08-11T15:51:00","guid":{"rendered":"http:\/\/www.tumakuder.org\/?page_id=2020"},"modified":"2021-08-11T16:12:53","modified_gmt":"2021-08-11T16:12:53","slug":"ecbs-kayit","status":"publish","type":"page","link":"http:\/\/www.tumakuder.org\/index.php\/ecbs-kayit\/","title":{"rendered":"E\u00c7BS KAYIT"},"content":{"rendered":"<div id=\"pl-2020\"  class=\"panel-layout\" ><div id=\"pg-2020-0\"  class=\"panel-grid panel-no-style\" ><div id=\"pgc-2020-0-0\"  class=\"panel-grid-cell\" ><div id=\"panel-2020-0-0-0\" class=\"so-panel widget widget_sow-editor panel-first-child panel-last-child\" data-index=\"0\" ><div class=\"orion default panel-widget-style panel-widget-style-for-2020-0-0-0\" ><div\n\t\t\t\n\t\t\tclass=\"so-widget-sow-editor so-widget-sow-editor-base\"\n\t\t\t\n\t\t>\n<div class=\"siteorigin-widget-tinymce textwidget\">\n\t<p><strong>A-E\u00c7BS-Entegre \u00c7evre Bilgi Sistemine F\u0130RMA KAYDINIZ YAPILMALIDIR<\/strong><\/p>\n<p>A1- Sisteme E-Devlet \u00fczerinden giri\u015f yap\u0131lmal\u0131d\u0131r<\/p>\n<p><a href=\"https:\/\/ecbs.cevre.gov.tr\/KullaniciIslemleri\/Giris\">https:\/\/ecbs.cevre.gov.tr\/KullaniciIslemleri\/Giris<\/a><\/p>\n<p>A2-Sisteme F\u0130RMA n\u0131z kaydedilmelidir.<\/p>\n<p>A3-Sistemden Kay\u0131t Form \u00e7\u0131kt\u0131s\u0131 al\u0131nmal\u0131d\u0131r.<\/p>\n<p>A4- Kay\u0131t Formu ile ba\u011fl\u0131 oldu\u011funuz T.C. \u00c7evre ve \u015eehircilik \u0130l M\u00fcd\u00fcrl\u00fc\u011f\u00fcne ba\u015fvuru ve kay\u0131t i\u015flemi yap\u0131lmal\u0131d\u0131r.<\/p>\n<p>A5-T.C. \u00c7evre ve \u015eehircilik \u0130l M\u00fcd\u00fcrl\u00fc\u011f\u00fc\u2019nden taraf\u0131n\u0131za g\u00f6nderilecek \u015e\u0130FRE elde edilerek sonraki i\u015flemler i\u00e7in saklanmal\u0131d\u0131r.<\/p>\n<p><span style=\"color: #ff0000;\"><strong>T\u00dcMAK\u00dcDER \u00c7evre Dan\u0131\u015fmanl\u0131k firmas\u0131ndan konu ile ilgili olarak yard\u0131m al\u0131nabilecektir<\/strong><\/span><\/p>\n<table width=\"576\">\n<tbody>\n<tr>\n<td colspan=\"2\" width=\"256\">\u00c7aml\u0131ca \u00c7evre<\/p>\n<p><em>\u00c7evre M\u00fchendisi - \u00c7evre Dan\u0131\u015fman\u0131<\/em><\/p>\n<\/td>\n<td width=\"64\"><\/td>\n<td colspan=\"2\" width=\"256\"><em>\u00c7evre M\u00fchendisi - \u00c7evre Dan\u0131\u015fman\u0131<\/em><\/td>\n<\/tr>\n<tr>\n<td width=\"192\"><strong>Tel<\/strong> : 0 (212) 522 56 16<\/td>\n<td width=\"64\"><\/td>\n<td width=\"64\"><\/td>\n<td width=\"192\"><strong>Tel<\/strong> : 0 (212) 522 56 16<\/td>\n<td width=\"64\"><\/td>\n<\/tr>\n<tr>\n<td width=\"192\"><strong>Gsm<\/strong> : 0 (554) 270 67 99<\/td>\n<td width=\"64\"><\/td>\n<td width=\"64\"><\/td>\n<td width=\"192\"><strong>Gsm<\/strong> : 0 (543) 876 14 15<\/td>\n<td width=\"64\"><\/td>\n<\/tr>\n<tr>\n<td colspan=\"2\" width=\"256\"><a href=\"mailto:ugur@camlicacevre.com\">E-mail: ugur@camlicacevre.com<\/a><\/td>\n<td width=\"64\"><\/td>\n<td colspan=\"2\" width=\"256\"><a href=\"mailto:cumhur@camlicacevre.com\">E-mail: cumhur@camlicacevre.com<\/a><\/td>\n<\/tr>\n<\/tbody>\n<\/table>\n<p>&nbsp;<\/p>\n<p><strong>B-E\u00c7BS-Entegre\u00c7evreBilgiSisteminde AK\u00dcM\u00dcLAT\u00d6R DEPOZ\u0130TO B\u0130LG\u0130 S\u0130STEM\u0130\u2019ne giri\u015f yap\u0131larak AK\u00dcLAT\u00d6R DEPOZ\u0130TO PLAN B\u0130LG\u0130LER\u0130 tamamlanmal\u0131d\u0131r.<\/strong><\/p>\n<p>B1- Sisteme E-Devlet \u00fczerinden giri\u015f yap\u0131lmal\u0131d\u0131r<\/p>\n<p>B2- AK\u00dcM\u00dcLAT\u00d6R DEPOZ\u0130TO B\u0130LG\u0130 S\u0130STEM\u0130 se\u00e7ilmelidir.<\/p>\n<\/div>\n<\/div><\/div><\/div><\/div><\/div><div id=\"pg-2020-1\"  class=\"panel-grid panel-has-style\" ><div class=\"tablet-default mobile-1-in-row desktop-default panel-row-style panel-row-style-for-2020-1\" ><div id=\"pgc-2020-1-0\"  class=\"panel-grid-cell panel-grid-cell-empty\" ><\/div><div id=\"pgc-2020-1-1\"  class=\"panel-grid-cell panel-grid-cell-mobile-last\" ><div id=\"panel-2020-1-1-0\" class=\"so-panel widget widget_orion_image_w panel-first-child panel-last-child\" data-index=\"1\" ><div class=\"orion default panel-widget-style panel-widget-style-for-2020-1-1-0\" ><div\n\t\t\t\n\t\t\tclass=\"so-widget-orion_image_w so-widget-orion_image_w-base\"\n\t\t\t\n\t\t>\r\n<div class=\"image-w relative\">\r\n\r\n\t\t\t\t\r\n\t\t\t\t\t<div class=\"orion_tablet overlay-none overlay-hover-none\">\r\n\t\t\r\n\t\t\t\t\t<img width=\"706\" height=\"177\" src=\"http:\/\/www.tumakuder.org\/wp-content\/uploads\/2021\/08\/ecbs1.jpg\" class=\"attachment-orion_tablet size-orion_tablet\" alt=\"\" loading=\"lazy\" \/>\t\t\t<div class=\"overlay\"><\/div>\r\n\t\t\r\n\t\t\t\t\t<\/div>\r\n\t\t\t\r\n\t\r\n\t<div class=\"absolute\">\r\n\t\t<div class=\"hover-desc table-wrap\">\r\n\t\t\t<div class=\"cell-wrap\">\r\n\t\t\t\t<h4 class=\"text-light\"><\/h4>\r\n\t\t\t<\/div>\r\n\t\t<\/div>\r\n\t<\/div>\t\t\t\t\t\r\n<\/div>\r\n\r\n<\/div><\/div><\/div><\/div><div id=\"pgc-2020-1-2\"  class=\"panel-grid-cell panel-grid-cell-empty\" ><\/div><\/div><\/div><div id=\"pg-2020-2\"  class=\"panel-grid panel-no-style\" ><div id=\"pgc-2020-2-0\"  class=\"panel-grid-cell\" ><div id=\"panel-2020-2-0-0\" class=\"so-panel widget widget_sow-editor panel-first-child panel-last-child\" data-index=\"2\" ><div class=\"orion default panel-widget-style panel-widget-style-for-2020-2-0-0\" ><div\n\t\t\t\n\t\t\tclass=\"so-widget-sow-editor so-widget-sow-editor-base\"\n\t\t\t\n\t\t>\n<div class=\"siteorigin-widget-tinymce textwidget\">\n\t<p>&nbsp;<\/p>\n<p>B3- AK\u00dcM\u00dcLAT\u00d6R DEPOZ\u0130TO B\u0130LG\u0130 S\u0130STEM\u0130 sayfas\u0131nda<\/p>\n<p>Altta yer alan \u201c<span style=\"color: #ff0000;\"><strong>Uygulamaya giri\u015f t\u00fcr\u00fcn\u00fcz\u00fc se\u00e7iniz<\/strong>.<\/span> \u201cb\u00f6l\u00fcm\u00fcnde \u201c<span style=\"color: #ff0000;\"><strong>Firma<\/strong><\/span>\u201d y\u0131 se\u00e7iniz.<\/p>\n<\/div>\n<\/div><\/div><\/div><\/div><\/div><div id=\"pg-2020-3\"  class=\"panel-grid panel-has-style\" ><div class=\"tablet-default mobile-1-in-row desktop-default panel-row-style panel-row-style-for-2020-3\" ><div id=\"pgc-2020-3-0\"  class=\"panel-grid-cell panel-grid-cell-empty\" ><\/div><div id=\"pgc-2020-3-1\"  class=\"panel-grid-cell panel-grid-cell-mobile-last\" ><div id=\"panel-2020-3-1-0\" class=\"so-panel widget widget_orion_image_w panel-first-child panel-last-child\" data-index=\"3\" ><div class=\"orion default panel-widget-style panel-widget-style-for-2020-3-1-0\" ><div\n\t\t\t\n\t\t\tclass=\"so-widget-orion_image_w so-widget-orion_image_w-base\"\n\t\t\t\n\t\t>\r\n<div class=\"image-w relative\">\r\n\r\n\t\t\t\t\r\n\t\t\t\t\t<div class=\" overlay-none overlay-hover-none\">\r\n\t\t\r\n\t\t\t\t\t<img width=\"609\" height=\"261\" src=\"http:\/\/www.tumakuder.org\/wp-content\/uploads\/2021\/08\/ecbs2.jpg\" class=\"attachment- size-\" alt=\"\" loading=\"lazy\" \/>\t\t\t<div class=\"overlay\"><\/div>\r\n\t\t\r\n\t\t\t\t\t<\/div>\r\n\t\t\t\r\n\t\r\n\t<div class=\"absolute\">\r\n\t\t<div class=\"hover-desc table-wrap\">\r\n\t\t\t<div class=\"cell-wrap\">\r\n\t\t\t\t<h4 class=\"text-light\"><\/h4>\r\n\t\t\t<\/div>\r\n\t\t<\/div>\r\n\t<\/div>\t\t\t\t\t\r\n<\/div>\r\n\r\n<\/div><\/div><\/div><\/div><div id=\"pgc-2020-3-2\"  class=\"panel-grid-cell panel-grid-cell-empty\" ><\/div><\/div><\/div><div id=\"pg-2020-4\"  class=\"panel-grid panel-no-style\" ><div id=\"pgc-2020-4-0\"  class=\"panel-grid-cell\" ><div id=\"panel-2020-4-0-0\" class=\"so-panel widget widget_sow-editor panel-first-child panel-last-child\" data-index=\"4\" ><div class=\"orion default panel-widget-style panel-widget-style-for-2020-4-0-0\" ><div\n\t\t\t\n\t\t\tclass=\"so-widget-sow-editor so-widget-sow-editor-base\"\n\t\t\t\n\t\t>\n<div class=\"siteorigin-widget-tinymce textwidget\">\n\t<p>&nbsp;<\/p>\n<p>B4- A\u00e7\u0131lan sayfada\u00a0 SOL men\u00fcde yer alan \u201cAK\u00dcM\u00dcLAT\u00d6R DEPOZ\u0130TO PLANI\u201dn\u0131\u00a0 se\u00e7iniz<\/p>\n<\/div>\n<\/div><\/div><\/div><\/div><\/div><div id=\"pg-2020-5\"  class=\"panel-grid panel-has-style\" ><div class=\"tablet-default mobile-1-in-row desktop-default panel-row-style panel-row-style-for-2020-5\" ><div id=\"pgc-2020-5-0\"  class=\"panel-grid-cell panel-grid-cell-empty\" ><\/div><div id=\"pgc-2020-5-1\"  class=\"panel-grid-cell panel-grid-cell-mobile-last\" ><div id=\"panel-2020-5-1-0\" class=\"so-panel widget widget_orion_image_w panel-first-child panel-last-child\" data-index=\"5\" ><div class=\"orion default panel-widget-style panel-widget-style-for-2020-5-1-0\" ><div\n\t\t\t\n\t\t\tclass=\"so-widget-orion_image_w so-widget-orion_image_w-base\"\n\t\t\t\n\t\t>\r\n<div class=\"image-w relative\">\r\n\r\n\t\t\t\t\r\n\t\t\t\t\t<div class=\" overlay-none overlay-hover-none\">\r\n\t\t\r\n\t\t\t\t\t<img width=\"843\" height=\"489\" src=\"http:\/\/www.tumakuder.org\/wp-content\/uploads\/2021\/08\/ecbs3.jpg\" class=\"attachment- size-\" alt=\"\" loading=\"lazy\" \/>\t\t\t<div class=\"overlay\"><\/div>\r\n\t\t\r\n\t\t\t\t\t<\/div>\r\n\t\t\t\r\n\t\r\n\t<div class=\"absolute\">\r\n\t\t<div class=\"hover-desc table-wrap\">\r\n\t\t\t<div class=\"cell-wrap\">\r\n\t\t\t\t<h4 class=\"text-light\"><\/h4>\r\n\t\t\t<\/div>\r\n\t\t<\/div>\r\n\t<\/div>\t\t\t\t\t\r\n<\/div>\r\n\r\n<\/div><\/div><\/div><\/div><div id=\"pgc-2020-5-2\"  class=\"panel-grid-cell panel-grid-cell-empty\" ><\/div><\/div><\/div><div id=\"pg-2020-6\"  class=\"panel-grid panel-no-style\" ><div id=\"pgc-2020-6-0\"  class=\"panel-grid-cell\" ><div id=\"panel-2020-6-0-0\" class=\"so-panel widget widget_sow-editor panel-first-child panel-last-child\" data-index=\"6\" ><div class=\"orion default panel-widget-style panel-widget-style-for-2020-6-0-0\" ><div\n\t\t\t\n\t\t\tclass=\"so-widget-sow-editor so-widget-sow-editor-base\"\n\t\t\t\n\t\t>\n<div class=\"siteorigin-widget-tinymce textwidget\">\n\t<p>&nbsp;<\/p>\n<p>B5- A\u00e7\u0131lan \u201cDepozito Ugulanacak Ak\u00fcm\u00fclat\u00f6r Bilgileri\u201d sayfas\u0131nda istenen bilgiler a\u015fa\u011f\u0131daki a\u00e7\u0131klamalara uygun olarak doldurulmal\u0131d\u0131r.<\/p>\n<\/div>\n<\/div><\/div><\/div><\/div><\/div><div id=\"pg-2020-7\"  class=\"panel-grid panel-has-style\" ><div class=\"tablet-default mobile-1-in-row desktop-default panel-row-style panel-row-style-for-2020-7\" ><div id=\"pgc-2020-7-0\"  class=\"panel-grid-cell panel-grid-cell-empty\" ><\/div><div id=\"pgc-2020-7-1\"  class=\"panel-grid-cell panel-grid-cell-mobile-last\" ><div id=\"panel-2020-7-1-0\" class=\"so-panel widget widget_orion_image_w panel-first-child panel-last-child\" data-index=\"7\" ><div class=\"orion default panel-widget-style panel-widget-style-for-2020-7-1-0\" ><div\n\t\t\t\n\t\t\tclass=\"so-widget-orion_image_w so-widget-orion_image_w-base\"\n\t\t\t\n\t\t>\r\n<div class=\"image-w relative\">\r\n\r\n\t\t\t\t\r\n\t\t\t\t\t<div class=\" overlay-none overlay-hover-none\">\r\n\t\t\r\n\t\t\t\t\t<img width=\"888\" height=\"539\" src=\"http:\/\/www.tumakuder.org\/wp-content\/uploads\/2021\/08\/ecbs4.jpg\" class=\"attachment- size-\" alt=\"\" loading=\"lazy\" \/>\t\t\t<div class=\"overlay\"><\/div>\r\n\t\t\r\n\t\t\t\t\t<\/div>\r\n\t\t\t\r\n\t\r\n\t<div class=\"absolute\">\r\n\t\t<div class=\"hover-desc table-wrap\">\r\n\t\t\t<div class=\"cell-wrap\">\r\n\t\t\t\t<h4 class=\"text-light\"><\/h4>\r\n\t\t\t<\/div>\r\n\t\t<\/div>\r\n\t<\/div>\t\t\t\t\t\r\n<\/div>\r\n\r\n<\/div><\/div><\/div><\/div><div id=\"pgc-2020-7-2\"  class=\"panel-grid-cell panel-grid-cell-empty\" ><\/div><\/div><\/div><div id=\"pg-2020-8\"  class=\"panel-grid panel-has-style\" ><div class=\"tablet-default mobile-1-in-row desktop-default panel-row-style panel-row-style-for-2020-8\" ><div id=\"pgc-2020-8-0\"  class=\"panel-grid-cell panel-grid-cell-empty\" ><\/div><div id=\"pgc-2020-8-1\"  class=\"panel-grid-cell panel-grid-cell-mobile-last\" ><div id=\"panel-2020-8-1-0\" class=\"so-panel widget widget_orion_image_w panel-first-child panel-last-child\" data-index=\"8\" ><div class=\"orion default panel-widget-style panel-widget-style-for-2020-8-1-0\" ><div\n\t\t\t\n\t\t\tclass=\"so-widget-orion_image_w so-widget-orion_image_w-base\"\n\t\t\t\n\t\t>\r\n<div class=\"image-w relative\">\r\n\r\n\t\t\t\t\r\n\t\t\t\t\t<div class=\" overlay-none overlay-hover-none\">\r\n\t\t\r\n\t\t\t\t\t<img width=\"937\" height=\"520\" src=\"http:\/\/www.tumakuder.org\/wp-content\/uploads\/2021\/08\/ecbs5.jpg\" class=\"attachment- size-\" alt=\"\" loading=\"lazy\" \/>\t\t\t<div class=\"overlay\"><\/div>\r\n\t\t\r\n\t\t\t\t\t<\/div>\r\n\t\t\t\r\n\t\r\n\t<div class=\"absolute\">\r\n\t\t<div class=\"hover-desc table-wrap\">\r\n\t\t\t<div class=\"cell-wrap\">\r\n\t\t\t\t<h4 class=\"text-light\"><\/h4>\r\n\t\t\t<\/div>\r\n\t\t<\/div>\r\n\t<\/div>\t\t\t\t\t\r\n<\/div>\r\n\r\n<\/div><\/div><\/div><\/div><div id=\"pgc-2020-8-2\"  class=\"panel-grid-cell panel-grid-cell-empty\" ><\/div><\/div><\/div><div id=\"pg-2020-9\"  class=\"panel-grid panel-has-style\" ><div class=\"tablet-default mobile-1-in-row desktop-default panel-row-style panel-row-style-for-2020-9\" ><div id=\"pgc-2020-9-0\"  class=\"panel-grid-cell panel-grid-cell-empty\" ><\/div><div id=\"pgc-2020-9-1\"  class=\"panel-grid-cell panel-grid-cell-mobile-last\" ><div id=\"panel-2020-9-1-0\" class=\"so-panel widget widget_orion_image_w panel-first-child panel-last-child\" data-index=\"9\" ><div class=\"orion default panel-widget-style panel-widget-style-for-2020-9-1-0\" ><div\n\t\t\t\n\t\t\tclass=\"so-widget-orion_image_w so-widget-orion_image_w-base\"\n\t\t\t\n\t\t>\r\n<div class=\"image-w relative\">\r\n\r\n\t\t\t\t\r\n\t\t\t\t\t<div class=\" overlay-none overlay-hover-none\">\r\n\t\t\r\n\t\t\t\t\t<img width=\"937\" height=\"581\" src=\"http:\/\/www.tumakuder.org\/wp-content\/uploads\/2021\/08\/ecbs6.jpg\" class=\"attachment- size-\" alt=\"\" loading=\"lazy\" \/>\t\t\t<div class=\"overlay\"><\/div>\r\n\t\t\r\n\t\t\t\t\t<\/div>\r\n\t\t\t\r\n\t\r\n\t<div class=\"absolute\">\r\n\t\t<div class=\"hover-desc table-wrap\">\r\n\t\t\t<div class=\"cell-wrap\">\r\n\t\t\t\t<h4 class=\"text-light\"><\/h4>\r\n\t\t\t<\/div>\r\n\t\t<\/div>\r\n\t<\/div>\t\t\t\t\t\r\n<\/div>\r\n\r\n<\/div><\/div><\/div><\/div><div id=\"pgc-2020-9-2\"  class=\"panel-grid-cell panel-grid-cell-empty\" ><\/div><\/div><\/div><\/div>","protected":false},"excerpt":{"rendered":"<p>A-E\u00c7BS-Entegre \u00c7evre Bilgi Sistemine F\u0130RMA KAYDINIZ YAPILMALIDIR A1- Sisteme E-Devlet \u00fczerinden giri\u015f yap\u0131lmal\u0131d\u0131r https:\/\/ecbs.cevre.gov.tr\/KullaniciIslemleri\/Giris A2-Sisteme F\u0130RMA n\u0131z kaydedilmelidir. A3-Sistemden Kay\u0131t Form \u00e7\u0131kt\u0131s\u0131 al\u0131nmal\u0131d\u0131r. A4- Kay\u0131t Formu ile ba\u011fl\u0131 oldu\u011funuz T.C. \u00c7evre ve \u015eehircilik \u0130l M\u00fcd\u00fcrl\u00fc\u011f\u00fcne ba\u015fvuru ve kay\u0131t i\u015flemi yap\u0131lmal\u0131d\u0131r. A5-T.C. \u00c7evre ve \u015eehircilik \u0130l M\u00fcd\u00fcrl\u00fc\u011f\u00fc\u2019nden taraf\u0131n\u0131za g\u00f6nderilecek \u015e\u0130FRE elde edilerek sonraki i\u015flemler i\u00e7in saklanmal\u0131d\u0131r.<\/p>\n","protected":false},"author":1,"featured_media":0,"parent":0,"menu_order":0,"comment_status":"closed","ping_status":"closed","template":"","meta":[],"_links":{"self":[{"href":"http:\/\/www.tumakuder.org\/index.php\/wp-json\/wp\/v2\/pages\/2020"}],"collection":[{"href":"http:\/\/www.tumakuder.org\/index.php\/wp-json\/wp\/v2\/pages"}],"about":[{"href":"http:\/\/www.tumakuder.org\/index.php\/wp-json\/wp\/v2\/types\/page"}],"author":[{"embeddable":true,"href":"http:\/\/www.tumakuder.org\/index.php\/wp-json\/wp\/v2\/users\/1"}],"replies":[{"embeddable":true,"href":"http:\/\/www.tumakuder.org\/index.php\/wp-json\/wp\/v2\/comments?post=2020"}],"version-history":[{"count":25,"href":"http:\/\/www.tumakuder.org\/index.php\/wp-json\/wp\/v2\/pages\/2020\/revisions"}],"predecessor-version":[{"id":2028,"href":"http:\/\/www.tumakuder.org\/index.php\/wp-json\/wp\/v2\/pages\/2020\/revisions\/2028"}],"wp:attachment":[{"href":"http:\/\/www.tumakuder.org\/index.php\/wp-json\/wp\/v2\/media?parent=2020"}],"curies":[{"name":"wp","href":"https:\/\/api.w.org\/{rel}","templated":true}]}}