{"id":1457,"date":"2016-11-22T08:14:16","date_gmt":"2016-11-22T08:14:16","guid":{"rendered":"http:\/\/recycle.orionthemes.com\/demo-1\/?page_id=14"},"modified":"2024-09-14T11:10:27","modified_gmt":"2024-09-14T11:10:27","slug":"home","status":"publish","type":"page","link":"http:\/\/www.tumakuder.org\/","title":{"rendered":"ANASAYFA"},"content":{"rendered":"<div id=\"pl-1457\"  class=\"panel-layout\" ><div id=\"pg-1457-0\"  class=\"panel-grid panel-has-style\" ><div class=\"siteorigin-panels-stretch tablet-default mobile-1-in-row panel-row-style panel-row-style-for-1457-0\" style=\"background-position: center center; background-repeat: no-repeat; background-size:cover;\" data-stretch-type=\"full-stretched\" ><div id=\"pgc-1457-0-0\"  class=\"panel-grid-cell\" ><div id=\"panel-1457-0-0-0\" class=\"so-panel widget widget_orion_revslider_w panel-first-child panel-last-child\" data-index=\"0\" ><div class=\"orion default panel-widget-style panel-widget-style-for-1457-0-0-0\" ><div\n\t\t\t\n\t\t\tclass=\"so-widget-orion_revslider_w so-widget-orion_revslider_w-base\"\n\t\t\t\n\t\t>\t\t\t\t\t\r\n\t\t\t\n\t\t\t<!-- START Recycle2 REVOLUTION SLIDER 6.3.9 --><p class=\"rs-p-wp-fix\"><\/p>\n\t\t\t<rs-module-wrap id=\"rev_slider_3_1_wrapper\" data-source=\"gallery\" style=\"background:transparent;padding:0;margin:0px auto;margin-top:0;margin-bottom:0;\">\n\t\t\t\t<rs-module id=\"rev_slider_3_1\" style=\"\" data-version=\"6.3.9\">\n\t\t\t\t\t<rs-slides>\n\t\t\t\t\t\t<rs-slide data-key=\"rs-7\" data-title=\"Slide\" data-thumb=\"\/\/www.tumakuder.org\/wp-content\/uploads\/2021\/07\/recycle-hero-min-1-50x100.jpg\" data-anim=\"ei:d;eo:d;s:1000;r:0;t:fade;sl:0;\">\n\t\t\t\t\t\t\t<img src=\"\/\/www.tumakuder.org\/wp-content\/uploads\/2021\/07\/recycle-hero-min-1.jpg\" title=\"recycle-hero-min\" width=\"1920\" height=\"720\" data-parallax=\"off\" class=\"rev-slidebg\" data-no-retina>\n<!--\n\t\t\t\t\t\t\t--><rs-group\n\t\t\t\t\t\t\t\tid=\"slider-3-slide-7-layer-6\" \n\t\t\t\t\t\t\t\tdata-type=\"group\"\n\t\t\t\t\t\t\t\tdata-xy=\"x:c;y:m;yo:-60px,-42px,-24px,-24px;\"\n\t\t\t\t\t\t\t\tdata-text=\"w:normal;\"\n\t\t\t\t\t\t\t\tdata-dim=\"w:750px,750px,700px,100%;h:198px,198px,120px,96px;\"\n\t\t\t\t\t\t\t\tdata-rsp_o=\"off\"\n\t\t\t\t\t\t\t\tdata-rsp_bd=\"off\"\n\t\t\t\t\t\t\t\tdata-frame_0=\"o:1;\"\n\t\t\t\t\t\t\t\tdata-frame_999=\"o:0;st:w;sA:5000;\"\n\t\t\t\t\t\t\t\tstyle=\"z-index:14;\"\n\t\t\t\t\t\t\t><!--\n\t\t\t\t\t\t\t\t--><rs-layer\n\t\t\t\t\t\t\t\t\tid=\"slider-3-slide-7-layer-0\" \n\t\t\t\t\t\t\t\t\tdata-type=\"text\"\n\t\t\t\t\t\t\t\t\tdata-xy=\"x:c,c,c,l;xo:0,0,0,-183px;yo:108px,108px,120px,275px;\"\n\t\t\t\t\t\t\t\t\tdata-text=\"w:normal;l:30;fw:600;a:center;\"\n\t\t\t\t\t\t\t\t\tdata-dim=\"w:750px;\"\n\t\t\t\t\t\t\t\t\tdata-vbility=\"t,t,f,f\"\n\t\t\t\t\t\t\t\t\tdata-rsp_o=\"off\"\n\t\t\t\t\t\t\t\t\tdata-rsp_bd=\"off\"\n\t\t\t\t\t\t\t\t\tdata-frame_1=\"st:500;sp:2000;\"\n\t\t\t\t\t\t\t\t\tdata-frame_999=\"o:0;st:w;\"\n\t\t\t\t\t\t\t\t\tstyle=\"z-index:11;font-family:Source Sans Pro;\"\n\t\t\t\t\t\t\t\t> \n\t\t\t\t\t\t\t\t<\/rs-layer><!--\n\n\t\t\t\t\t\t\t\t--><rs-layer\n\t\t\t\t\t\t\t\t\tid=\"slider-3-slide-7-layer-1\" \n\t\t\t\t\t\t\t\t\tdata-type=\"text\"\n\t\t\t\t\t\t\t\t\tdata-xy=\"x:c;yo:60px,60px,54px,36px;\"\n\t\t\t\t\t\t\t\t\tdata-text=\"w:normal,normal,normal,normal;s:30,30,24,20;l:36,36,30,24;a:center;\"\n\t\t\t\t\t\t\t\t\tdata-dim=\"w:auto,auto,480px,330px;\"\n\t\t\t\t\t\t\t\t\tdata-rsp_o=\"off\"\n\t\t\t\t\t\t\t\t\tdata-rsp_bd=\"off\"\n\t\t\t\t\t\t\t\t\tdata-padding=\"r:0,0,0,8;l:0,0,0,8;\"\n\t\t\t\t\t\t\t\t\tdata-frame_1=\"st:500;sp:2000;\"\n\t\t\t\t\t\t\t\t\tdata-frame_999=\"o:0;st:w;\"\n\t\t\t\t\t\t\t\t\tstyle=\"z-index:12;font-family:Montserrat;\"\n\t\t\t\t\t\t\t\t> \n\t\t\t\t\t\t\t\t<\/rs-layer><!--\n\n\t\t\t\t\t\t\t\t--><h2\n\t\t\t\t\t\t\t\t\tid=\"slider-3-slide-7-layer-2\" \n\t\t\t\t\t\t\t\t\tclass=\"rs-layer\"\n\t\t\t\t\t\t\t\t\tdata-type=\"text\"\n\t\t\t\t\t\t\t\t\tdata-xy=\"x:c;\"\n\t\t\t\t\t\t\t\t\tdata-text=\"s:45,45,45,30;l:60,60,48,36;fw:700;a:center;\"\n\t\t\t\t\t\t\t\t\tdata-dim=\"w:auto,auto,480px,100%;\"\n\t\t\t\t\t\t\t\t\tdata-rsp_o=\"off\"\n\t\t\t\t\t\t\t\t\tdata-rsp_bd=\"off\"\n\t\t\t\t\t\t\t\t\tdata-padding=\"r:0,0,0,8;l:0,0,0,8;\"\n\t\t\t\t\t\t\t\t\tdata-frame_1=\"st:500;sp:2000;\"\n\t\t\t\t\t\t\t\t\tdata-frame_999=\"o:0;st:w;\"\n\t\t\t\t\t\t\t\t\tstyle=\"z-index:13;font-family:Montserrat;\"\n\t\t\t\t\t\t\t\t>DA\u0130MA BERABER... \n\t\t\t\t\t\t\t\t<\/h2><!--\n\t\t\t\t\t\t\t--><\/rs-group><!--\n-->\t\t\t\t\t\t<\/rs-slide>\n\t\t\t\t\t\t<rs-slide data-key=\"rs-8\" data-title=\"Slide\" data-thumb=\"\/\/www.tumakuder.org\/wp-content\/uploads\/2021\/07\/recycle-hero-min-50x100.jpg\" data-anim=\"ei:d;eo:d;s:1000;r:0;t:fade;sl:0;\">\n\t\t\t\t\t\t\t<img src=\"\/\/www.tumakuder.org\/wp-content\/uploads\/2021\/07\/recycle-hero-min.jpg\" title=\"recycle-hero-min\" width=\"1920\" height=\"720\" data-bg=\"p:55% 50%;\" data-parallax=\"off\" class=\"rev-slidebg\" data-no-retina>\n<!--\n\t\t\t\t\t\t\t--><rs-group\n\t\t\t\t\t\t\t\tid=\"slider-3-slide-8-layer-6\" \n\t\t\t\t\t\t\t\tdata-type=\"group\"\n\t\t\t\t\t\t\t\tdata-xy=\"x:l,l,c,c;xo:30px,30px,0,30px;y:m;yo:-60px,-42px,-18px,-24px;\"\n\t\t\t\t\t\t\t\tdata-text=\"w:normal;\"\n\t\t\t\t\t\t\t\tdata-dim=\"w:750px,750px,700px,100%;h:198px,198px,168px,126px;\"\n\t\t\t\t\t\t\t\tdata-rsp_o=\"off\"\n\t\t\t\t\t\t\t\tdata-rsp_bd=\"off\"\n\t\t\t\t\t\t\t\tdata-frame_0=\"o:1;\"\n\t\t\t\t\t\t\t\tdata-frame_999=\"o:0;st:w;sA:5000;\"\n\t\t\t\t\t\t\t\tstyle=\"z-index:14;\"\n\t\t\t\t\t\t\t><!--\n\t\t\t\t\t\t\t\t--><rs-layer\n\t\t\t\t\t\t\t\t\tid=\"slider-3-slide-8-layer-0\" \n\t\t\t\t\t\t\t\t\tdata-type=\"text\"\n\t\t\t\t\t\t\t\t\tdata-xy=\"xo:0,0,0,-183px;yo:108px,108px,120px,275px;\"\n\t\t\t\t\t\t\t\t\tdata-text=\"w:normal;l:30;fw:600;\"\n\t\t\t\t\t\t\t\t\tdata-dim=\"w:750px;\"\n\t\t\t\t\t\t\t\t\tdata-vbility=\"t,t,f,f\"\n\t\t\t\t\t\t\t\t\tdata-rsp_o=\"off\"\n\t\t\t\t\t\t\t\t\tdata-rsp_bd=\"off\"\n\t\t\t\t\t\t\t\t\tdata-frame_1=\"st:500;sp:2000;\"\n\t\t\t\t\t\t\t\t\tdata-frame_999=\"o:0;st:w;\"\n\t\t\t\t\t\t\t\t\tstyle=\"z-index:11;font-family:Source Sans Pro;\"\n\t\t\t\t\t\t\t\t> \n\t\t\t\t\t\t\t\t<\/rs-layer><!--\n\n\t\t\t\t\t\t\t\t--><rs-layer\n\t\t\t\t\t\t\t\t\tid=\"slider-3-slide-8-layer-1\" \n\t\t\t\t\t\t\t\t\tdata-type=\"text\"\n\t\t\t\t\t\t\t\t\tdata-xy=\"x:l,l,c,l;yo:60px,60px,102px,78px;\"\n\t\t\t\t\t\t\t\t\tdata-text=\"w:normal,normal,normal,normal;s:30,30,24,20;l:36,36,30,24;a:left,center,center,left;\"\n\t\t\t\t\t\t\t\t\tdata-dim=\"w:auto,auto,480px,330px;\"\n\t\t\t\t\t\t\t\t\tdata-rsp_o=\"off\"\n\t\t\t\t\t\t\t\t\tdata-rsp_bd=\"off\"\n\t\t\t\t\t\t\t\t\tdata-frame_1=\"st:500;sp:2000;\"\n\t\t\t\t\t\t\t\t\tdata-frame_999=\"o:0;st:w;\"\n\t\t\t\t\t\t\t\t\tstyle=\"z-index:12;font-family:Montserrat;\"\n\t\t\t\t\t\t\t\t>\u00c7evre \u0130\u00e7in Seferber\u2026 Daima Beraber\u2026 \n\t\t\t\t\t\t\t\t<\/rs-layer><!--\n\n\t\t\t\t\t\t\t\t--><h2\n\t\t\t\t\t\t\t\t\tid=\"slider-3-slide-8-layer-2\" \n\t\t\t\t\t\t\t\t\tclass=\"rs-layer\"\n\t\t\t\t\t\t\t\t\tdata-type=\"text\"\n\t\t\t\t\t\t\t\t\tdata-xy=\"x:l,l,c,l;\"\n\t\t\t\t\t\t\t\t\tdata-text=\"w:nowrap,nowrap,normal,normal;s:45,45,45,30;l:60,60,48,36;fw:700;a:left,center,center,left;\"\n\t\t\t\t\t\t\t\t\tdata-dim=\"w:auto,auto,480px,360px;\"\n\t\t\t\t\t\t\t\t\tdata-rsp_o=\"off\"\n\t\t\t\t\t\t\t\t\tdata-rsp_bd=\"off\"\n\t\t\t\t\t\t\t\t\tdata-frame_1=\"st:500;sp:2000;\"\n\t\t\t\t\t\t\t\t\tdata-frame_999=\"o:0;st:w;\"\n\t\t\t\t\t\t\t\t\tstyle=\"z-index:13;font-family:Montserrat;\"\n\t\t\t\t\t\t\t\t>\u00c7EVRE \u0130\u00c7\u0130N SEFERBER... \n\t\t\t\t\t\t\t\t<\/h2><!--\n\t\t\t\t\t\t\t--><\/rs-group><!--\n-->\t\t\t\t\t\t<\/rs-slide>\n\t\t\t\t\t<\/rs-slides>\n\t\t\t\t<\/rs-module>\n\t\t\t\t<script type=\"text\/javascript\">\n\t\t\t\t\tsetREVStartSize({c: 'rev_slider_3_1',rl:[1240,1024,778,480],el:[684,576,420,360],gw:[1200,1024,778,480],gh:[684,576,420,360],type:'standard',justify:'',layout:'fullwidth',mh:\"360px\"});\n\t\t\t\t\tvar\trevapi3,\n\t\t\t\t\t\ttpj;\n\t\t\t\t\tfunction revinit_revslider31() {\n\t\t\t\t\tjQuery(function() {\n\t\t\t\t\t\ttpj = jQuery;\n\t\t\t\t\t\trevapi3 = tpj(\"#rev_slider_3_1\");\n\t\t\t\t\t\tif(revapi3==undefined || revapi3.revolution == undefined){\n\t\t\t\t\t\t\trevslider_showDoubleJqueryError(\"rev_slider_3_1\");\n\t\t\t\t\t\t}else{\n\t\t\t\t\t\t\trevapi3.revolution({\n\t\t\t\t\t\t\t\tduration:\"5000ms\",\n\t\t\t\t\t\t\t\tvisibilityLevels:\"1240,1024,778,480\",\n\t\t\t\t\t\t\t\tgridwidth:\"1200,1024,778,480\",\n\t\t\t\t\t\t\t\tgridheight:\"684,576,420,360\",\n\t\t\t\t\t\t\t\tminHeight:\"360px\",\n\t\t\t\t\t\t\t\tmaxHeight:\"684px\",\n\t\t\t\t\t\t\t\tperspective:600,\n\t\t\t\t\t\t\t\tperspectiveType:\"local\",\n\t\t\t\t\t\t\t\teditorheight:\"684,576,420,360\",\n\t\t\t\t\t\t\t\tresponsiveLevels:\"1240,1024,778,480\",\n\t\t\t\t\t\t\t\tprogressBar: {\n\t\t\t\t\t\t\t\t\tvertical:\"top\",\n\t\t\t\t\t\t\t\t\tsize:4,\n\t\t\t\t\t\t\t\t\tx:0,\n\t\t\t\t\t\t\t\t\ty:0\n\t\t\t\t\t\t\t\t},\n\t\t\t\t\t\t\t\tnavigation: {\n\t\t\t\t\t\t\t\t\twheelCallDelay:1000,\n\t\t\t\t\t\t\t\t\tarrows: {\n\t\t\t\t\t\t\t\t\t\tenable:true,\n\t\t\t\t\t\t\t\t\t\tstyle:\"uranus\",\n\t\t\t\t\t\t\t\t\t\thide_onmobile:true,\n\t\t\t\t\t\t\t\t\t\thide_under:\"1200px\",\n\t\t\t\t\t\t\t\t\t\tleft: {\n\t\t\t\t\t\t\t\t\t\t\th_offset:15\n\t\t\t\t\t\t\t\t\t\t},\n\t\t\t\t\t\t\t\t\t\tright: {\n\t\t\t\t\t\t\t\t\t\t\th_offset:15\n\t\t\t\t\t\t\t\t\t\t}\n\t\t\t\t\t\t\t\t\t}\n\t\t\t\t\t\t\t\t},\n\t\t\t\t\t\t\t\tparallax: {\n\t\t\t\t\t\t\t\t\tlevels:[5,10,15,20,25,30,35,40,45,46,47,48,49,50,51,30],\n\t\t\t\t\t\t\t\t\ttype:\"scroll\",\n\t\t\t\t\t\t\t\t\tspeedbg:\"400ms\",\n\t\t\t\t\t\t\t\t\tspeedls:\"400ms\"\n\t\t\t\t\t\t\t\t},\n\t\t\t\t\t\t\t\tfallbacks: {\n\t\t\t\t\t\t\t\t\tallowHTML5AutoPlayOnAndroid:true\n\t\t\t\t\t\t\t\t},\n\t\t\t\t\t\t\t});\n\t\t\t\t\t\t}\n\t\t\t\t\t\t\n\t\t\t\t\t});\n\t\t\t\t\t} \/\/ End of RevInitScript\n\t\t\t\tvar once_revslider31 = false;\n\t\t\t\tif (document.readyState === \"loading\") {document.addEventListener('readystatechange',function() { if((document.readyState === \"interactive\" || document.readyState === \"complete\") && !once_revslider31 ) { once_revslider31 = true; revinit_revslider31();}});} else {once_revslider31 = true; revinit_revslider31();}\n\t\t\t\t<\/script>\n\t\t\t\t<script>\n\t\t\t\t\tvar htmlDivCss = unescape(\"%23rev_slider_3_1_wrapper%20.uranus.tparrows%20%7B%0A%20%20width%3A50px%3B%0A%20%20height%3A50px%3B%0A%20%20background%3Argba%28255%2C255%2C255%2C0%29%3B%0A%20%7D%0A%20%23rev_slider_3_1_wrapper%20.uranus.tparrows%3Abefore%20%7B%0A%20width%3A50px%3B%0A%20height%3A50px%3B%0A%20line-height%3A50px%3B%0A%20font-size%3A40px%3B%0A%20transition%3Aall%200.3s%3B%0A-webkit-transition%3Aall%200.3s%3B%0A%20%7D%0A%20%0A%20%20%23rev_slider_3_1_wrapper%20.uranus.tparrows%3Ahover%3Abefore%20%7B%0A%20%20%20%20opacity%3A0.75%3B%0A%20%20%7D%0A\");\n\t\t\t\t\tvar htmlDiv = document.getElementById('rs-plugin-settings-inline-css');\n\t\t\t\t\tif(htmlDiv) {\n\t\t\t\t\t\thtmlDiv.innerHTML = htmlDiv.innerHTML + htmlDivCss;\n\t\t\t\t\t}else{\n\t\t\t\t\t\tvar htmlDiv = document.createElement('div');\n\t\t\t\t\t\thtmlDiv.innerHTML = '<style>' + htmlDivCss + '<\/style>';\n\t\t\t\t\t\tdocument.getElementsByTagName('head')[0].appendChild(htmlDiv.childNodes[0]);\n\t\t\t\t\t}\n\t\t\t\t<\/script>\n\t\t\t\t<script>\n\t\t\t\t\tvar htmlDivCss = unescape(\"%0A%0A\");\n\t\t\t\t\tvar htmlDiv = document.getElementById('rs-plugin-settings-inline-css');\n\t\t\t\t\tif(htmlDiv) {\n\t\t\t\t\t\thtmlDiv.innerHTML = htmlDiv.innerHTML + htmlDivCss;\n\t\t\t\t\t}else{\n\t\t\t\t\t\tvar htmlDiv = document.createElement('div');\n\t\t\t\t\t\thtmlDiv.innerHTML = '<style>' + htmlDivCss + '<\/style>';\n\t\t\t\t\t\tdocument.getElementsByTagName('head')[0].appendChild(htmlDiv.childNodes[0]);\n\t\t\t\t\t}\n\t\t\t\t<\/script>\n\t\t\t<\/rs-module-wrap>\n\t\t\t<!-- END REVOLUTION SLIDER -->\n\t\t\t<\/div><\/div><\/div><\/div><\/div><\/div><div id=\"pg-1457-1\"  class=\"panel-grid panel-has-style\" ><div class=\"tablet-1-in-row mobile-1-in-row desktop-default full-width-on-small-devices full-width-on-tablets push-up-60 panel-row-style panel-row-style-for-1457-1\" ><div id=\"pgc-1457-1-0\"  class=\"panel-grid-cell\" ><div class=\"primary-color-bg panel-cell-style panel-cell-style-for-1457-1-0\" ><div id=\"panel-1457-1-0-0\" class=\"so-panel widget widget_sow-editor panel-first-child panel-last-child\" data-index=\"1\" ><div class=\"orion mobile-text-center text-light panel-widget-style panel-widget-style-for-1457-1-0-0\" ><div\n\t\t\t\n\t\t\tclass=\"so-widget-sow-editor so-widget-sow-editor-base\"\n\t\t\t\n\t\t><h2 class=\"h5 widget-title\">MEVZUAT<\/h2>\n<div class=\"siteorigin-widget-tinymce textwidget\">\n\t<p class=\"lead\"><em><strong><a href=\"http:\/\/www.tumakuder.org\/index.php\/mevzuat\/\">Depozito uygulamas\u0131, \u00c7evre uyum ve Ak\u00fcm\u00fclat\u00f6r takip...<\/a><\/strong><br \/>\n<\/em><\/p>\n<\/div>\n<\/div><\/div><\/div><\/div><\/div><div id=\"pgc-1457-1-1\"  class=\"panel-grid-cell\" ><div class=\"panel-cell-style panel-cell-style-for-1457-1-1\" ><div id=\"panel-1457-1-1-0\" class=\"so-panel widget widget_sow-editor panel-first-child panel-last-child\" data-index=\"2\" ><div class=\"orion mobile-text-center default panel-widget-style panel-widget-style-for-1457-1-1-0\" ><div\n\t\t\t\n\t\t\tclass=\"so-widget-sow-editor so-widget-sow-editor-base\"\n\t\t\t\n\t\t><h2 class=\"h5 widget-title\">ETK\u0130NL\u0130KLER<\/h2>\n<div class=\"siteorigin-widget-tinymce textwidget\">\n\t<p class=\"lead\"><em><strong><a href=\"#\">T\u00dcMAK\u00dcDER etkinlikleri detayl\u0131 bilgiler..<\/a>.<\/strong><\/em><\/p>\n<\/div>\n<\/div><\/div><\/div><\/div><\/div><div id=\"pgc-1457-1-2\"  class=\"panel-grid-cell\" ><div class=\"panel-cell-style panel-cell-style-for-1457-1-2\" ><div id=\"panel-1457-1-2-0\" class=\"so-panel widget widget_sow-editor panel-first-child panel-last-child\" data-index=\"3\" ><div class=\"orion mobile-text-center default panel-widget-style panel-widget-style-for-1457-1-2-0\" ><div\n\t\t\t\n\t\t\tclass=\"so-widget-sow-editor so-widget-sow-editor-base\"\n\t\t\t\n\t\t><h2 class=\"h5 widget-title\">MEDYA<\/h2>\n<div class=\"siteorigin-widget-tinymce textwidget\">\n\t<p class=\"lead\"><em><strong><a href=\"http:\/\/www.tumakuder.org\/index.php\/medya\/\">Tan\u0131t\u0131m filmi, Medya haberleri ve Kamu spotlar\u0131...<\/a><\/strong><\/em><\/p>\n<\/div>\n<\/div><\/div><\/div><\/div><\/div><\/div><\/div><div id=\"pg-1457-2\"  class=\"panel-grid panel-has-style\" ><div class=\"tablet-default mobile-1-in-row desktop-default panel-row-style panel-row-style-for-1457-2\" ><div id=\"pgc-1457-2-0\"  class=\"panel-grid-cell panel-grid-cell-empty\" ><\/div><\/div><\/div><div id=\"pg-1457-3\"  class=\"panel-grid panel-has-style\" ><div class=\"tablet-1-in-row mobile-1-in-row desktop-default panel-row-style panel-row-style-for-1457-3\" ><div id=\"pgc-1457-3-0\"  class=\"panel-grid-cell\" ><div id=\"panel-1457-3-0-0\" class=\"so-panel widget widget_orion_button_w panel-first-child\" data-index=\"4\" ><div class=\"orion default panel-widget-style panel-widget-style-for-1457-3-0-0\" ><div\n\t\t\t\n\t\t\tclass=\"so-widget-orion_button_w so-widget-orion_button_w-base\"\n\t\t\t\n\t\t>\r\n\t\t\t<a class=\"btn btn-flat btn-md\"  href=\"http:\/\/www.tumakuder.org\/index.php\/2024-cevre-uyum-onay-basvurusu\/\">\r\n\t\t\t2024 \u00c7evre Uyum Onay Ba\u015fvurusu\t\t\r\n\t\t<\/a>\r\n\t\r\n<\/div><\/div><\/div><div id=\"panel-1457-3-0-1\" class=\"so-panel widget widget_orion_dividers_w\" data-index=\"5\" ><div class=\"orion default panel-widget-style panel-widget-style-for-1457-3-0-1\" ><div\n\t\t\t\n\t\t\tclass=\"so-widget-orion_dividers_w so-widget-orion_dividers_w-base\"\n\t\t\t\n\t\t>\t<hr style=\"border-top-width:2px; border-top-color:rgba(242,242,242,1); border-style: solid; width: 100%;  margin-top: 0;\"><\/div><\/div><\/div><div id=\"panel-1457-3-0-2\" class=\"so-panel widget widget_orion_dividers_w\" data-index=\"6\" ><div class=\"orion default panel-widget-style panel-widget-style-for-1457-3-0-2\" ><div\n\t\t\t\n\t\t\tclass=\"so-widget-orion_dividers_w so-widget-orion_dividers_w-base\"\n\t\t\t\n\t\t>\t<hr style=\"border-top-width:2px; border-top-color:rgba(242,242,242,1); border-style: solid; width: 100%;  margin-top: 0;\"><\/div><\/div><\/div><div id=\"panel-1457-3-0-3\" class=\"so-panel widget widget_sow-editor\" data-index=\"7\" ><div class=\"orion default panel-widget-style panel-widget-style-for-1457-3-0-3\" ><div\n\t\t\t\n\t\t\tclass=\"so-widget-sow-editor so-widget-sow-editor-base\"\n\t\t\t\n\t\t><h2 class=\"h5 widget-title\">ENTEGRE \u00c7EVRE B\u0130LG\u0130 S\u0130STEM\u0130<\/h2>\n<div class=\"siteorigin-widget-tinymce textwidget\">\n\t<p><a href=\"#\">E\u00c7BS kay\u0131t olma ad\u0131mlar\u0131 detayl\u0131 g\u00f6rsel anlat\u0131m i\u00e7in t\u0131klay\u0131n\u0131z.<\/a><\/p>\n<\/div>\n<\/div><\/div><\/div><div id=\"panel-1457-3-0-4\" class=\"so-panel widget widget_orion_button_w panel-last-child\" data-index=\"8\" ><div class=\"orion mobile-text-center tablets-text-center default panel-widget-style panel-widget-style-for-1457-3-0-4\" ><div\n\t\t\t\n\t\t\tclass=\"so-widget-orion_button_w so-widget-orion_button_w-base\"\n\t\t\t\n\t\t>\r\n\t\t\t<a class=\"btn btn-flat btn-md\" target=_blank href=\"http:\/\/www.tumakuder.org\/index.php\/ecbs-kayit\/\">\r\n\t\t\tE\u00c7BS KAYIT DETAYLI ANLATIM\t\t\r\n\t\t<\/a>\r\n\t\r\n<\/div><\/div><\/div><\/div><div id=\"pgc-1457-3-1\"  class=\"panel-grid-cell\" ><div id=\"panel-1457-3-1-0\" class=\"so-panel widget widget_orion_image_w panel-first-child panel-last-child\" data-index=\"9\" ><div class=\"orion default panel-widget-style panel-widget-style-for-1457-3-1-0\" ><div\n\t\t\t\n\t\t\tclass=\"so-widget-orion_image_w so-widget-orion_image_w-base\"\n\t\t\t\n\t\t>\r\n<div class=\"image-w relative\">\r\n\r\n\t\t\t\t\r\n\t\t\t\t\t<a class=\"orion_carousel overlay-none overlay-hover-none\" href=\"https:\/\/ecbs.cevre.gov.tr\/KullaniciIslemleri\/Giris\">\r\n\t\t\r\n\t\t\t\t\t<img width=\"682\" height=\"500\" src=\"http:\/\/www.tumakuder.org\/wp-content\/uploads\/2021\/08\/ecbs-682x500.jpg\" class=\"attachment-orion_carousel size-orion_carousel\" alt=\"\" loading=\"lazy\" \/>\t\t\t<div class=\"overlay\"><\/div>\r\n\t\t\r\n\t\t\t\t\t<\/a>\r\n\t\t\t\r\n\t\r\n\t<div class=\"absolute\">\r\n\t\t<div class=\"hover-desc table-wrap\">\r\n\t\t\t<div class=\"cell-wrap\">\r\n\t\t\t\t<h4 class=\"text-light\">E\u00c7BS KAYIT \u0130\u00c7\u0130N TIKLAYIN.<\/h4>\r\n\t\t\t<\/div>\r\n\t\t<\/div>\r\n\t<\/div>\t\t\t\t\t\r\n<\/div>\r\n\r\n<\/div><\/div><\/div><\/div><\/div><\/div><div id=\"pg-1457-4\"  class=\"panel-grid panel-has-style\" ><div class=\"tablet-default mobile-1-in-row desktop-default panel-row-style panel-row-style-for-1457-4\" ><div id=\"pgc-1457-4-0\"  class=\"panel-grid-cell\" ><div id=\"panel-1457-4-0-0\" class=\"so-panel widget widget_orion_image_w panel-first-child\" data-index=\"10\" ><div class=\"orion default panel-widget-style panel-widget-style-for-1457-4-0-0\" ><div\n\t\t\t\n\t\t\tclass=\"so-widget-orion_image_w so-widget-orion_image_w-base\"\n\t\t\t\n\t\t>\r\n<div class=\"image-w relative\">\r\n\r\n\t\t\t\t\r\n\t\t\t\t\t<a class=\"orion_carousel overlay-none overlay-hover-none\" href=\"https:\/\/www.battery-technologies-summit.com\/\">\r\n\t\t\r\n\t\t\t\t\t<img width=\"612\" height=\"500\" src=\"http:\/\/www.tumakuder.org\/wp-content\/uploads\/2024\/09\/BTS-2024-StD-RGSTR-Instagram-1-1-612x500.jpg\" class=\"attachment-orion_carousel size-orion_carousel\" alt=\"\" loading=\"lazy\" \/>\t\t\t<div class=\"overlay\"><\/div>\r\n\t\t\r\n\t\t\t\t\t<\/a>\r\n\t\t\t\r\n\t\r\n\t<div class=\"absolute\">\r\n\t\t<div class=\"hover-desc table-wrap\">\r\n\t\t\t<div class=\"cell-wrap\">\r\n\t\t\t\t<h4 class=\"text-light\">KAYIT \u0130\u00c7\u0130N TIKLAYIN.<\/h4>\r\n\t\t\t<\/div>\r\n\t\t<\/div>\r\n\t<\/div>\t\t\t\t\t\r\n<\/div>\r\n\r\n<\/div><\/div><\/div><div id=\"panel-1457-4-0-1\" class=\"so-panel widget widget_orion_button_w\" data-index=\"11\" ><div class=\"orion mobile-text-center tablets-text-center default panel-widget-style panel-widget-style-for-1457-4-0-1\" ><div\n\t\t\t\n\t\t\tclass=\"so-widget-orion_button_w so-widget-orion_button_w-base\"\n\t\t\t\n\t\t>\r\n\t\t\t<a class=\"btn btn-flat btn-md block\" target=_blank href=\"https:\/\/www.battery-technologies-summit.com\/\">\r\n\t\t\tBatarya Teknolojileri Zirvesi Giri\u015f\t\t\r\n\t\t<\/a>\r\n\t\r\n<\/div><\/div><\/div><div id=\"panel-1457-4-0-2\" class=\"so-panel widget widget_sow-editor panel-last-child\" data-index=\"12\" ><div class=\"orion default panel-widget-style panel-widget-style-for-1457-4-0-2\" ><div\n\t\t\t\n\t\t\tclass=\"so-widget-sow-editor so-widget-sow-editor-base\"\n\t\t\t\n\t\t><h2 class=\"h5 widget-title\">Pil Teknolojileri Zirvesi Hakk\u0131nda<\/h2>\n<div class=\"siteorigin-widget-tinymce textwidget\">\n\t<p>Batarya Teknolojileri Zirvesi, 22-23 Kas\u0131m 2023'te ilk kez ger\u00e7ekle\u015ftirilmi\u015f olup, sekt\u00f6r\u00fcn \u00f6nc\u00fc bulu\u015fma noktas\u0131 haline gelmi\u015ftir. Yakla\u015f\u0131k 600 kat\u0131l\u0131mc\u0131 ve 30'a yak\u0131n konu\u015fmac\u0131yla ger\u00e7ekle\u015ftirilen etkinlik b\u00fcy\u00fck be\u011feni toplam\u0131\u015ft\u0131r.<\/p>\n<p>P\u0130LDER olarak bu y\u0131l 25-26 Eyl\u00fcl 2024'te Bili\u015fim Vadisi, Gebze'de d\u00fczenlenecek zirveye sizleri davet ediyoruz. Zirve, pil ekosisteminin t\u00fcm a\u015famalar\u0131n\u0131 kapsayan geni\u015f bir konu yelpazesi sunarak sekt\u00f6rdeki yenilikleri, en son teknolojik geli\u015fmeleri ve s\u00fcrd\u00fcr\u00fclebilir stratejileri payla\u015fmay\u0131 hedefliyor.<\/p>\n<p>Sekt\u00f6r\u00fcn gelece\u011fini \u015fekillendirmek ve \u00fcr\u00fcnlerinizi tan\u0131tmak i\u00e7in bizimle ileti\u015fime ge\u00e7in!<\/p>\n<\/div>\n<\/div><\/div><\/div><\/div><div id=\"pgc-1457-4-1\"  class=\"panel-grid-cell\" ><div id=\"panel-1457-4-1-0\" class=\"so-panel widget widget_orion_image_w panel-first-child\" data-index=\"13\" ><div class=\"orion default panel-widget-style panel-widget-style-for-1457-4-1-0\" ><div\n\t\t\t\n\t\t\tclass=\"so-widget-orion_image_w so-widget-orion_image_w-base\"\n\t\t\t\n\t\t>\r\n<div class=\"image-w relative\">\r\n\r\n\t\t\t\t\r\n\t\t\t\t\t<a class=\"orion_carousel overlay-none overlay-hover-none\" href=\"https:\/\/e-depolama.com.tr\/kayit\/\">\r\n\t\t\r\n\t\t\t\t\t<img width=\"612\" height=\"344\" src=\"http:\/\/www.tumakuder.org\/wp-content\/uploads\/2024\/09\/WhatsApp-Image-2024-09-13-at-12.51.15-1.jpeg\" class=\"attachment-orion_carousel size-orion_carousel\" alt=\"\" loading=\"lazy\" \/>\t\t\t<div class=\"overlay\"><\/div>\r\n\t\t\r\n\t\t\t\t\t<\/a>\r\n\t\t\t\r\n\t\r\n\t<div class=\"absolute\">\r\n\t\t<div class=\"hover-desc table-wrap\">\r\n\t\t\t<div class=\"cell-wrap\">\r\n\t\t\t\t<h4 class=\"text-light\">KAYIT \u0130\u00c7\u0130N TIKLAYIN.<\/h4>\r\n\t\t\t<\/div>\r\n\t\t<\/div>\r\n\t<\/div>\t\t\t\t\t\r\n<\/div>\r\n\r\n<\/div><\/div><\/div><div id=\"panel-1457-4-1-1\" class=\"so-panel widget widget_orion_button_w\" data-index=\"14\" ><div class=\"orion mobile-text-center tablets-text-center default panel-widget-style panel-widget-style-for-1457-4-1-1\" ><div\n\t\t\t\n\t\t\tclass=\"so-widget-orion_button_w so-widget-orion_button_w-base\"\n\t\t\t\n\t\t>\r\n\t\t\t<a class=\"btn btn-flat btn-md block\" target=_blank href=\"https:\/\/e-depolama.com.tr\/kayit\/\">\r\n\t\t\tEnerji Depolama Zirvesi Giri\u015f\t\t\r\n\t\t<\/a>\r\n\t\r\n<\/div><\/div><\/div><div id=\"panel-1457-4-1-2\" class=\"so-panel widget widget_sow-editor panel-last-child\" data-index=\"15\" ><div class=\"orion default panel-widget-style panel-widget-style-for-1457-4-1-2\" ><div\n\t\t\t\n\t\t\tclass=\"so-widget-sow-editor so-widget-sow-editor-base\"\n\t\t\t\n\t\t><h2 class=\"h5 widget-title\">Enerji Depolama Zirvesi Hakk\u0131nda<\/h2>\n<div class=\"siteorigin-widget-tinymce textwidget\">\n\t<p>Enerji Depolama Platformu olarak, enerji depolama teknolojileri, bataryalar ve elektrikli ara\u00e7lar hakk\u0131nda g\u00fcncel bilgi ve geli\u015fmeleri payla\u015f\u0131yoruz. Hedefimiz, tamamen elektrikli bir gelece\u011fe katk\u0131 sa\u011flamak. 2023 y\u0131l\u0131nda T\u00fcrkiye\u2019nin ilk enerji depolama kongresini ba\u015far\u0131yla tamamlad\u0131k, bu y\u0131l \u00e7ok daha b\u00fcy\u00fck bir etkinlik olan e+ Enerji Depolama Zirvesi'ni d\u00fczenliyoruz.<\/p>\n<p>Etkinlikte, enerji depolama sekt\u00f6r\u00fcn\u00fcn b\u00fcy\u00fcme hedefleri, finans f\u0131rsatlar\u0131, elektrikli ula\u015f\u0131m, yang\u0131n g\u00fcvenli\u011fi, batarya geri d\u00f6n\u00fc\u015f\u00fcm\u00fc gibi konular ele al\u0131nacak<\/p>\n<\/div>\n<\/div><\/div><\/div><\/div><\/div><\/div><div id=\"pg-1457-5\"  class=\"panel-grid panel-has-style\" ><div class=\"tablet-default mobile-1-in-row desktop-default panel-row-style panel-row-style-for-1457-5\" ><div id=\"pgc-1457-5-0\"  class=\"panel-grid-cell panel-grid-cell-empty\" ><\/div><div id=\"pgc-1457-5-1\"  class=\"panel-grid-cell\" ><div id=\"panel-1457-5-1-0\" class=\"so-panel widget widget_orion_dividers_w panel-first-child panel-last-child\" data-index=\"16\" ><div class=\"orion default panel-widget-style panel-widget-style-for-1457-5-1-0\" ><div\n\t\t\t\n\t\t\tclass=\"so-widget-orion_dividers_w so-widget-orion_dividers_w-base\"\n\t\t\t\n\t\t>\t<hr style=\"border-top-width:2px; border-top-color:rgba(242,242,242,1); border-style: solid; width: 100%;  margin-top: 0;\"><\/div><\/div><\/div><\/div><\/div><\/div><\/div>","protected":false},"excerpt":{"rendered":"<p>Depozito uygulamas\u0131, \u00c7evre uyum ve Ak\u00fcm\u00fclat\u00f6r takip&#8230; T\u00dcMAK\u00dcDER etkinlikleri detayl\u0131 bilgiler&#8230; Tan\u0131t\u0131m filmi, Medya haberleri ve Kamu spotlar\u0131&#8230;<\/p>\n","protected":false},"author":1,"featured_media":0,"parent":0,"menu_order":0,"comment_status":"closed","ping_status":"closed","template":"","meta":[],"_links":{"self":[{"href":"http:\/\/www.tumakuder.org\/index.php\/wp-json\/wp\/v2\/pages\/1457"}],"collection":[{"href":"http:\/\/www.tumakuder.org\/index.php\/wp-json\/wp\/v2\/pages"}],"about":[{"href":"http:\/\/www.tumakuder.org\/index.php\/wp-json\/wp\/v2\/types\/page"}],"author":[{"embeddable":true,"href":"http:\/\/www.tumakuder.org\/index.php\/wp-json\/wp\/v2\/users\/1"}],"replies":[{"embeddable":true,"href":"http:\/\/www.tumakuder.org\/index.php\/wp-json\/wp\/v2\/comments?post=1457"}],"version-history":[{"count":166,"href":"http:\/\/www.tumakuder.org\/index.php\/wp-json\/wp\/v2\/pages\/1457\/revisions"}],"predecessor-version":[{"id":2493,"href":"http:\/\/www.tumakuder.org\/index.php\/wp-json\/wp\/v2\/pages\/1457\/revisions\/2493"}],"wp:attachment":[{"href":"http:\/\/www.tumakuder.org\/index.php\/wp-json\/wp\/v2\/media?parent=1457"}],"curies":[{"name":"wp","href":"https:\/\/api.w.org\/{rel}","templated":true}]}}